{"id":16778,"date":"2025-06-22T20:34:48","date_gmt":"2025-06-22T23:34:48","guid":{"rendered":"https:\/\/homacdhe.com\/?page_id=16778"},"modified":"2025-06-22T20:47:58","modified_gmt":"2025-06-22T23:47:58","slug":"assine-nossa-newsletter","status":"publish","type":"page","link":"https:\/\/homacdhe.com\/index.php\/assine-nossa-newsletter\/","title":{"rendered":"Assine nossa newsletter"},"content":{"rendered":"<h1><strong>Ficamos contentes com o seu interesse na nossa newsletter!<br \/>\n<\/strong><br \/>\n<strong>We are pleased with your interest in our newsletter!<\/strong><\/h1>\n<h1>\u00a1Nos alegra su inter\u00e9s en nuestro bolet\u00edn!<\/h1>\n<p>&nbsp;<\/p>\n<p>O Informativo &#8211; Direitos Humanos e Empresas, criado por n\u00f3s,\u00a0\u00e9 uma newsletter que pretende entregar\u00a0o que est\u00e1 ocorrendo sobre \u201cDireitos Humanos e Empresas\u201d no Brasil e no Mundo, tendo maior enfoque na realidade brasileira. Seu conte\u00fado \u00e9 dividido em: documentos, eventos, not\u00edcias e chamadas (com informes sobre submiss\u00e3o de artigos para revistas, processos seletivos para cargos e fun\u00e7\u00f5es).<br \/>\nAl\u00e9m disso, tamb\u00e9m enviaremos artigos cient\u00edficos publicados em nosso peri\u00f3dico.<br \/>\n&#8211;<br \/>\nThe Newsletter &#8211; Human Rights and Business, created by us, is a newsletter that intends to deliver what is happening about &#8220;Human Rights and Business&#8221; in Brazil and in the World, having greater focus on the Brazilian reality. Its content is divided into: documents, events, news and calls (with reports on submission of articles for journals, selection processes for positions and functions).<br \/>\nAlso, we will send scientific articles published in our journal.<br \/>\n&#8211;<br \/>\nEl Bolet\u00edn &#8211; Derechos Humanos y Empresas, creado por nosotros, es un bolet\u00edn que tiene la intenci\u00f3n de transmitir lo que est\u00e1 ocurriendo sobre &#8220;Derechos Humanos y Empresas&#8221; en Brasil y en el mundo, teniendo un mayor enfoque en la realidad brasile\u00f1a. Su contenido se divide en: documentos, eventos, noticias y convocatorias (con informes sobre la presentaci\u00f3n de art\u00edculos para las revistas, procesos de selecci\u00f3n de puestos y funciones).<br \/>\nAdem\u00e1s, tambi\u00e9n enviaremos art\u00edculos cient\u00edficos publicados en nuestra revista.<\/p>\n<p>Assine nosso informativo e fique por dentro!<br \/>\nSubscribe to our newsletter and stay informed!<br \/>\nSuscr\u00edbete a nuestro bolet\u00edn de noticias y mantente informado!<\/p>\n<p>Abra\u00e7os\/Hugs\/Abrazos,<br \/>\nGabriel Lima<\/p>\n<p>&nbsp;<\/p>\n\n<div class=\"wpcf7 no-js\" id=\"wpcf7-f16777-o1\" lang=\"pt-BR\" dir=\"ltr\" data-wpcf7-id=\"16777\">\n<div class=\"screen-reader-response\"><p role=\"status\" aria-live=\"polite\" aria-atomic=\"true\"><\/p> <ul><\/ul><\/div>\n<form action=\"\/index.php\/wp-json\/wp\/v2\/pages\/16778#wpcf7-f16777-o1\" method=\"post\" class=\"wpcf7-form init\" aria-label=\"Formul\u00e1rios de contato\" novalidate=\"novalidate\" data-status=\"init\">\n<fieldset class=\"hidden-fields-container\"><input type=\"hidden\" name=\"_wpcf7\" value=\"16777\" \/><input type=\"hidden\" name=\"_wpcf7_version\" value=\"6.1.4\" \/><input type=\"hidden\" name=\"_wpcf7_locale\" value=\"pt_BR\" \/><input type=\"hidden\" name=\"_wpcf7_unit_tag\" value=\"wpcf7-f16777-o1\" \/><input type=\"hidden\" name=\"_wpcf7_container_post\" value=\"0\" \/><input type=\"hidden\" name=\"_wpcf7_posted_data_hash\" value=\"\" \/>\n<\/fieldset>\n<p><label for=\"your-email\">E-mail - Correo electr\u00f3nico<\/label><br \/>\n<span class=\"wpcf7-form-control-wrap\" data-name=\"your-email\"><input size=\"40\" maxlength=\"400\" class=\"wpcf7-form-control wpcf7-email wpcf7-validates-as-required wpcf7-text wpcf7-validates-as-email\" id=\"your-email\" aria-required=\"true\" aria-invalid=\"false\" value=\"\" type=\"email\" name=\"your-email\" \/><\/span>\n<\/p>\n<p><label for=\"your-name\">Nome - Name - Nombre<\/label><br \/>\n<span class=\"wpcf7-form-control-wrap\" data-name=\"your-name\"><input size=\"40\" maxlength=\"400\" class=\"wpcf7-form-control wpcf7-text wpcf7-validates-as-required\" id=\"your-name\" aria-required=\"true\" aria-invalid=\"false\" value=\"\" type=\"text\" name=\"your-name\" \/><\/span>\n<\/p>\n<p><label for=\"your-country\">Pa\u00eds - Country<\/label><br \/>\n<span class=\"wpcf7-form-control-wrap\" data-name=\"your-country\"><select class=\"wpcf7-form-control wpcf7-select wpcf7-validates-as-required\" id=\"your-country\" aria-required=\"true\" aria-invalid=\"false\" name=\"your-country\"><option value=\"\">&#8212;Escolha uma op\u00e7\u00e3o&#8212;<\/option><option value=\"Afeganist\u00e3o\">Afeganist\u00e3o<\/option><option value=\"\u00c1frica do Sul\">\u00c1frica do Sul<\/option><option value=\"Alb\u00e2nia\">Alb\u00e2nia<\/option><option value=\"Alemanha\">Alemanha<\/option><option value=\"Andorra\">Andorra<\/option><option value=\"Angola\">Angola<\/option><option value=\"Ant\u00edgua e Barbuda\">Ant\u00edgua e Barbuda<\/option><option value=\"Ar\u00e1bia Saudita\">Ar\u00e1bia Saudita<\/option><option value=\"Arg\u00e9lia\">Arg\u00e9lia<\/option><option value=\"Argentina\">Argentina<\/option><option value=\"Arm\u00eania\">Arm\u00eania<\/option><option value=\"Austr\u00e1lia\">Austr\u00e1lia<\/option><option value=\"\u00c1ustria\">\u00c1ustria<\/option><option value=\"Azerbaij\u00e3o\">Azerbaij\u00e3o<\/option><option value=\"Bahamas\">Bahamas<\/option><option value=\"Bahrein\">Bahrein<\/option><option value=\"Bangladesh\">Bangladesh<\/option><option value=\"Barbados\">Barbados<\/option><option value=\"B\u00e9lgica\">B\u00e9lgica<\/option><option value=\"Belize\">Belize<\/option><option value=\"Benin\">Benin<\/option><option value=\"Bol\u00edvia\">Bol\u00edvia<\/option><option value=\"B\u00f3snia e Herzegovina\">B\u00f3snia e Herzegovina<\/option><option value=\"Botsuana\">Botsuana<\/option><option value=\"Brasil\">Brasil<\/option><option value=\"Brunei\">Brunei<\/option><option value=\"Bulg\u00e1ria\">Bulg\u00e1ria<\/option><option value=\"Burquina Faso\">Burquina Faso<\/option><option value=\"Burundi\">Burundi<\/option><option value=\"But\u00e3o\">But\u00e3o<\/option><option value=\"Cabo Verde\">Cabo Verde<\/option><option value=\"Camar\u00f5es\">Camar\u00f5es<\/option><option value=\"Camboja\">Camboja<\/option><option value=\"Canad\u00e1\">Canad\u00e1<\/option><option value=\"Catar\">Catar<\/option><option value=\"Casaquist\u00e3o\">Casaquist\u00e3o<\/option><option value=\"Chade\">Chade<\/option><option value=\"Chile\">Chile<\/option><option value=\"China\">China<\/option><option value=\"Chipre\">Chipre<\/option><option value=\"Col\u00f4mbia\">Col\u00f4mbia<\/option><option value=\"Comores\">Comores<\/option><option value=\"Congo\">Congo<\/option><option value=\"Coreia do Norte\">Coreia do Norte<\/option><option value=\"Coreia do Sul\">Coreia do Sul<\/option><option value=\"Costa do Marfim\">Costa do Marfim<\/option><option value=\"Costa Rica\">Costa Rica<\/option><option value=\"Cro\u00e1cia\">Cro\u00e1cia<\/option><option value=\"Cuba\">Cuba<\/option><option value=\"Dinamarca\">Dinamarca<\/option><option value=\"Dominica\">Dominica<\/option><option value=\"Egito\">Egito<\/option><option value=\"El Salvador\">El Salvador<\/option><option value=\"Emirados \u00c1rabes Unidos\">Emirados \u00c1rabes Unidos<\/option><option value=\"Equador\">Equador<\/option><option value=\"Eritreia\">Eritreia<\/option><option value=\"Eslov\u00e1quia\">Eslov\u00e1quia<\/option><option value=\"Eslov\u00eania\">Eslov\u00eania<\/option><option value=\"Espanha\">Espanha<\/option><option value=\"Estados Unidos\">Estados Unidos<\/option><option value=\"Est\u00f4nia\">Est\u00f4nia<\/option><option value=\"Eswatini\">Eswatini<\/option><option value=\"Eti\u00f3pia\">Eti\u00f3pia<\/option><option value=\"Fiji\">Fiji<\/option><option value=\"Filipinas\">Filipinas<\/option><option value=\"Finl\u00e2ndia\">Finl\u00e2ndia<\/option><option value=\"Fran\u00e7a\">Fran\u00e7a<\/option><option value=\"Gab\u00e3o\">Gab\u00e3o<\/option><option value=\"G\u00e2mbia\">G\u00e2mbia<\/option><option value=\"Gana\">Gana<\/option><option value=\"Ge\u00f3rgia\">Ge\u00f3rgia<\/option><option value=\"Granada\">Granada<\/option><option value=\"Gr\u00e9cia\">Gr\u00e9cia<\/option><option value=\"Guatemala\">Guatemala<\/option><option value=\"Guiana\">Guiana<\/option><option value=\"Guin\u00e9\">Guin\u00e9<\/option><option value=\"Guin\u00e9 Equatorial\">Guin\u00e9 Equatorial<\/option><option value=\"Guin\u00e9-Bissau\">Guin\u00e9-Bissau<\/option><option value=\"Haiti\">Haiti<\/option><option value=\"Holanda\">Holanda<\/option><option value=\"Honduras\">Honduras<\/option><option value=\"Hungria\">Hungria<\/option><option value=\"I\u00e9men\">I\u00e9men<\/option><option value=\"Ilhas Marshall\">Ilhas Marshall<\/option><option value=\"\u00cdndia\">\u00cdndia<\/option><option value=\"Indon\u00e9sia\">Indon\u00e9sia<\/option><option value=\"Ir\u00e3\">Ir\u00e3<\/option><option value=\"Iraque\">Iraque<\/option><option value=\"Irlanda\">Irlanda<\/option><option value=\"Isl\u00e2ndia\">Isl\u00e2ndia<\/option><option value=\"Israel\">Israel<\/option><option value=\"It\u00e1lia\">It\u00e1lia<\/option><option value=\"Jamaica\">Jamaica<\/option><option value=\"Jap\u00e3o\">Jap\u00e3o<\/option><option value=\"Jord\u00e2nia\">Jord\u00e2nia<\/option><option value=\"Laos\">Laos<\/option><option value=\"Let\u00f4nia\">Let\u00f4nia<\/option><option value=\"Lesoto\">Lesoto<\/option><option value=\"L\u00edbano\">L\u00edbano<\/option><option value=\"Liberia\">Liberia<\/option><option value=\"L\u00edbia\">L\u00edbia<\/option><option value=\"Liechtenstein\">Liechtenstein<\/option><option value=\"Litu\u00e2nia\">Litu\u00e2nia<\/option><option value=\"Luxemburgo\">Luxemburgo<\/option><option value=\"Maced\u00f4nia do Norte\">Maced\u00f4nia do Norte<\/option><option value=\"Madag\u00e1scar\">Madag\u00e1scar<\/option><option value=\"Mal\u00e1sia\">Mal\u00e1sia<\/option><option value=\"Malaui\">Malaui<\/option><option value=\"Maldivas\">Maldivas<\/option><option value=\"Mali\">Mali<\/option><option value=\"Malta\">Malta<\/option><option value=\"Marrocos\">Marrocos<\/option><option value=\"Maur\u00edcio\">Maur\u00edcio<\/option><option value=\"Maurit\u00e2nia\">Maurit\u00e2nia<\/option><option value=\"M\u00e9xico\">M\u00e9xico<\/option><option value=\"Mianmar\">Mianmar<\/option><option value=\"Micron\u00e9sia\">Micron\u00e9sia<\/option><option value=\"Mo\u00e7ambique\">Mo\u00e7ambique<\/option><option value=\"Mold\u00e1via\">Mold\u00e1via<\/option><option value=\"M\u00f4naco\">M\u00f4naco<\/option><option value=\"Mong\u00f3lia\">Mong\u00f3lia<\/option><option value=\"Montenegro\">Montenegro<\/option><option value=\"Nam\u00edbia\">Nam\u00edbia<\/option><option value=\"Nauru\">Nauru<\/option><option value=\"Nepal\">Nepal<\/option><option value=\"Nicar\u00e1gua\">Nicar\u00e1gua<\/option><option value=\"N\u00edger\">N\u00edger<\/option><option value=\"Nig\u00e9ria\">Nig\u00e9ria<\/option><option value=\"Noruega\">Noruega<\/option><option value=\"Nova Zel\u00e2ndia\">Nova Zel\u00e2ndia<\/option><option value=\"Om\u00e3\">Om\u00e3<\/option><option value=\"Pa\u00edses Baixos\">Pa\u00edses Baixos<\/option><option value=\"Palau\">Palau<\/option><option value=\"Palestina\">Palestina<\/option><option value=\"Panam\u00e1\">Panam\u00e1<\/option><option value=\"Papua-Nova Guin\u00e9\">Papua-Nova Guin\u00e9<\/option><option value=\"Paquist\u00e3o\">Paquist\u00e3o<\/option><option value=\"Paraguai\">Paraguai<\/option><option value=\"Peru\">Peru<\/option><option value=\"Pol\u00f4nia\">Pol\u00f4nia<\/option><option value=\"Portugal\">Portugal<\/option><option value=\"Qu\u00eania\">Qu\u00eania<\/option><option value=\"Quirguist\u00e3o\">Quirguist\u00e3o<\/option><option value=\"Reino Unido\">Reino Unido<\/option><option value=\"Rep\u00fablica Centro-Africana\">Rep\u00fablica Centro-Africana<\/option><option value=\"Rep\u00fablica Checa\">Rep\u00fablica Checa<\/option><option value=\"Rep\u00fablica Democr\u00e1tica do Congo\">Rep\u00fablica Democr\u00e1tica do Congo<\/option><option value=\"Rep\u00fablica Dominicana\">Rep\u00fablica Dominicana<\/option><option value=\"Rom\u00eania\">Rom\u00eania<\/option><option value=\"Ruanda\">Ruanda<\/option><option value=\"R\u00fassia\">R\u00fassia<\/option><option value=\"S\u00e3o Crist\u00f3v\u00e3o e Neves\">S\u00e3o Crist\u00f3v\u00e3o e Neves<\/option><option value=\"S\u00e3o Marino\">S\u00e3o Marino<\/option><option value=\"S\u00e3o Tom\u00e9 e Pr\u00edncipe\">S\u00e3o Tom\u00e9 e Pr\u00edncipe<\/option><option value=\"S\u00e3o Vicente e Granadinas\">S\u00e3o Vicente e Granadinas<\/option><option value=\"Senegal\">Senegal<\/option><option value=\"Serra Leoa\">Serra Leoa<\/option><option value=\"S\u00e9rvia\">S\u00e9rvia<\/option><option value=\"S\u00edria\">S\u00edria<\/option><option value=\"Singapura\">Singapura<\/option><option value=\"Som\u00e1lia\">Som\u00e1lia<\/option><option value=\"Sri Lanka\">Sri Lanka<\/option><option value=\"Sud\u00e3o\">Sud\u00e3o<\/option><option value=\"Sud\u00e3o do Sul\">Sud\u00e3o do Sul<\/option><option value=\"Su\u00e9cia\">Su\u00e9cia<\/option><option value=\"Su\u00ed\u00e7a\">Su\u00ed\u00e7a<\/option><option value=\"Suriname\">Suriname<\/option><option value=\"Tail\u00e2ndia\">Tail\u00e2ndia<\/option><option value=\"Taiwan\">Taiwan<\/option><option value=\"Tajiquist\u00e3o\">Tajiquist\u00e3o<\/option><option value=\"Tanz\u00e2nia\">Tanz\u00e2nia<\/option><option value=\"Timor-Leste\">Timor-Leste<\/option><option value=\"Togo\">Togo<\/option><option value=\"Tonga\">Tonga<\/option><option value=\"Trinidad e Tobago\">Trinidad e Tobago<\/option><option value=\"Tun\u00edsia\">Tun\u00edsia<\/option><option value=\"Turcomenist\u00e3o\">Turcomenist\u00e3o<\/option><option value=\"Turquia\">Turquia<\/option><option value=\"Tuvalu\">Tuvalu<\/option><option value=\"Ucr\u00e2nia\">Ucr\u00e2nia<\/option><option value=\"Uganda\">Uganda<\/option><option value=\"Uruguai\">Uruguai<\/option><option value=\"Uzbequist\u00e3o\">Uzbequist\u00e3o<\/option><option value=\"Vanuatu\">Vanuatu<\/option><option value=\"Vaticano\">Vaticano<\/option><option value=\"Venezuela\">Venezuela<\/option><option value=\"Vietn\u00e3\">Vietn\u00e3<\/option><option value=\"Z\u00e2mbia\">Z\u00e2mbia<\/option><option value=\"Zimb\u00e1bue\">Zimb\u00e1bue<\/option><\/select><\/span>\n<\/p>\n<p><label for=\"your-sector\">Setor - Sector<\/label><br \/>\n<span class=\"wpcf7-form-control-wrap\" data-name=\"your-sector\"><select class=\"wpcf7-form-control wpcf7-select wpcf7-validates-as-required\" id=\"your-sector\" aria-required=\"true\" aria-invalid=\"false\" name=\"your-sector\"><option value=\"\">&#8212;Escolha uma op\u00e7\u00e3o&#8212;<\/option><option value=\"Acad\u00eamico - Academic - Acad\u00e9mico\">Acad\u00eamico - Academic - Acad\u00e9mico<\/option><option value=\"Empresarial - Business - Corporativo\">Empresarial - Business - Corporativo<\/option><option value=\"Sociedade Civil - Civil Society - Sociedad Civil\">Sociedade Civil - Civil Society - Sociedad Civil<\/option><option value=\"Advocacia - Law Practice - Abogado\">Advocacia - Law Practice - Abogado<\/option><option value=\"Governo - Government - Gobierno\">Governo - Government - Gobierno<\/option><option value=\"Org. Intergovernamental - Inter-governmental Organisation - Intergubernamental\">Org. Intergovernamental - Inter-governmental Organisation - Intergubernamental<\/option><\/select><\/span>\n<\/p>\n<p><label>Idioma - Language<\/label>\n<\/p>\n<p><span class=\"wpcf7-form-control-wrap\" data-name=\"your-language\"><span class=\"wpcf7-form-control wpcf7-checkbox wpcf7-validates-as-required\"><span class=\"wpcf7-list-item first\"><label><input type=\"checkbox\" name=\"your-language[]\" value=\"Portugu\u00eas\" \/><span class=\"wpcf7-list-item-label\">Portugu\u00eas<\/span><\/label><\/span><span class=\"wpcf7-list-item\"><label><input type=\"checkbox\" name=\"your-language[]\" value=\"English\" \/><span class=\"wpcf7-list-item-label\">English<\/span><\/label><\/span><span class=\"wpcf7-list-item last\"><label><input type=\"checkbox\" name=\"your-language[]\" value=\"Espa\u00f1ol\" \/><span class=\"wpcf7-list-item-label\">Espa\u00f1ol<\/span><\/label><\/span><\/span><\/span>\n<\/p>\n<p><input class=\"wpcf7-form-control wpcf7-submit has-spinner\" type=\"submit\" value=\"Enviar\" \/>\n<\/p>\n<p style=\"font-size: 12px;\">Este formul\u00e1rio usa Akismet para reduzir spam. <a target=\"_blank\" rel=\"nofollow noopener\" href=\"https:\/\/akismet.com\/privacy\/\">Descubra como seus dados s\u00e3o processados.<\/a>\n<\/p><p style=\"display: none !important;\" class=\"akismet-fields-container\" data-prefix=\"_wpcf7_ak_\"><label>&#916;<textarea name=\"_wpcf7_ak_hp_textarea\" cols=\"45\" rows=\"8\" maxlength=\"100\"><\/textarea><\/label><input type=\"hidden\" id=\"ak_js_1\" name=\"_wpcf7_ak_js\" value=\"214\"\/><script>document.getElementById( \"ak_js_1\" ).setAttribute( \"value\", ( new Date() ).getTime() );<\/script><\/p><div class=\"wpcf7-response-output\" aria-hidden=\"true\"><\/div>\n<\/form>\n<\/div>\n\n","protected":false},"excerpt":{"rendered":"<p>Ficamos contentes com o seu interesse na nossa newsletter! We are pleased with your interest in our newsletter! \u00a1Nos alegra su inter\u00e9s en nuestro bolet\u00edn! &nbsp; O Informativo &#8211; Direitos Humanos e Empresas, criado por n\u00f3s,\u00a0\u00e9 uma newsletter que pretende entregar\u00a0o que est\u00e1 ocorrendo sobre \u201cDireitos Humanos e Empresas\u201d no Brasil e no Mundo, tendo [&hellip;]<\/p>\n","protected":false},"author":14,"featured_media":0,"parent":0,"menu_order":0,"comment_status":"closed","ping_status":"closed","template":"","meta":{"footnotes":""},"class_list":["post-16778","page","type-page","status-publish","hentry"],"_links":{"self":[{"href":"https:\/\/homacdhe.com\/index.php\/wp-json\/wp\/v2\/pages\/16778","targetHints":{"allow":["GET"]}}],"collection":[{"href":"https:\/\/homacdhe.com\/index.php\/wp-json\/wp\/v2\/pages"}],"about":[{"href":"https:\/\/homacdhe.com\/index.php\/wp-json\/wp\/v2\/types\/page"}],"author":[{"embeddable":true,"href":"https:\/\/homacdhe.com\/index.php\/wp-json\/wp\/v2\/users\/14"}],"replies":[{"embeddable":true,"href":"https:\/\/homacdhe.com\/index.php\/wp-json\/wp\/v2\/comments?post=16778"}],"version-history":[{"count":7,"href":"https:\/\/homacdhe.com\/index.php\/wp-json\/wp\/v2\/pages\/16778\/revisions"}],"predecessor-version":[{"id":16786,"href":"https:\/\/homacdhe.com\/index.php\/wp-json\/wp\/v2\/pages\/16778\/revisions\/16786"}],"wp:attachment":[{"href":"https:\/\/homacdhe.com\/index.php\/wp-json\/wp\/v2\/media?parent=16778"}],"curies":[{"name":"wp","href":"https:\/\/api.w.org\/{rel}","templated":true}]}}