{"id":16774,"date":"2025-06-20T14:31:38","date_gmt":"2025-06-20T17:31:38","guid":{"rendered":"https:\/\/homacdhe.com\/?page_id=16774"},"modified":"2025-06-20T16:59:36","modified_gmt":"2025-06-20T19:59:36","slug":"newsletter-es","status":"publish","type":"page","link":"https:\/\/homacdhe.com\/index.php\/newsletter-es\/","title":{"rendered":"Newsletter ES"},"content":{"rendered":"<p><div class=\"tnp tnp-subscription \">\n<form method=\"post\" action=\"https:\/\/homacdhe.com\/wp-admin\/admin-ajax.php?action=tnp&amp;na=s\">\n<input type=\"hidden\" name=\"nlang\" value=\"\">\n<div class=\"tnp-field tnp-field-firstname\"><label for=\"tnp-1\">Nome\/name<\/label>\n<input class=\"tnp-name\" type=\"text\" name=\"nn\" id=\"tnp-1\" value=\"\" placeholder=\"\" required><\/div>\n<div class=\"tnp-field tnp-field-email\"><label for=\"tnp-2\">E-mail<\/label>\n<input class=\"tnp-email\" type=\"email\" name=\"ne\" id=\"tnp-2\" value=\"\" placeholder=\"\" required><\/div>\n<div class=\"tnp-field tnp-field-profile\"><label for=\"tnp-3\">Setor<\/label>\n<select class=\"tnp-profile tnp-profile-1\" id=\"tnp-profile_1\" name=\"np1\"><option value=\"\" selected disabled>setor<\/option><option>Acad\u00eamico<\/option><option>Empresarial<\/option><option>Sociedade Civil<\/option><option>Advocacia<\/option><option>Governo<\/option><\/select>\n<\/div>\n<div class=\"tnp-field tnp-field-profile\"><label for=\"tnp-4\">Pa\u00eds<\/label>\n<select class=\"tnp-profile tnp-profile-2\" id=\"tnp-profile_2\" name=\"np2\"><option value=\"\" selected disabled>pais<\/option><option>Afeganist\u00e3o<\/option><option>\u00c1frica do Sul<\/option><option>Alb\u00e2nia<\/option><option>Alemanha<\/option><option>Andorra<\/option><option>Angola<\/option><option>Ant\u00edgua e Barbuda<\/option><option>Ar\u00e1bia Saudita<\/option><option>Arg\u00e9lia<\/option><option>Argentina<\/option><option>Arm\u00eania<\/option><option>Austr\u00e1lia<\/option><option>\u00c1ustria<\/option><option>Azerbaij\u00e3o<\/option><option>Bahamas<\/option><option>Bahrein<\/option><option>Bangladesh<\/option><option>Barbados<\/option><option>B\u00e9lgica<\/option><option>Belize<\/option><option>Benin<\/option><option>Bol\u00edvia<\/option><option>B\u00f3snia e Herzegovina<\/option><option>Botsuana<\/option><option>Brasil<\/option><option>Brunei<\/option><option>Bulg\u00e1ria<\/option><option>Burquina Faso<\/option><option>Burundi<\/option><option>But\u00e3o<\/option><option>Cabo Verde<\/option><option>Camar\u00f5es<\/option><option>Camboja<\/option><option>Canad\u00e1<\/option><option>Catar<\/option><option>Casaquist\u00e3o<\/option><option>Chade<\/option><option>Chile<\/option><option>China<\/option><option>Chipre<\/option><option>Col\u00f4mbia<\/option><option>Comores<\/option><option>Congo<\/option><option>Coreia do Norte<\/option><option>Coreia do Sul<\/option><option>Costa do Marfim<\/option><option>Costa Rica<\/option><option>Cro\u00e1cia<\/option><option>Cuba<\/option><option>Dinamarca<\/option><option>Dominica<\/option><option>Egito<\/option><option>El Salvador<\/option><option>Emirados \u00c1rabes Unidos<\/option><option>Equador<\/option><option>Eritreia<\/option><option>Eslov\u00e1quia<\/option><option>Eslov\u00eania<\/option><option>Espanha<\/option><option>Estados Unidos<\/option><option>Est\u00f4nia<\/option><option>Eswatini<\/option><option>Eti\u00f3pia<\/option><option>Fiji<\/option><option>Filipinas<\/option><option>Finl\u00e2ndia<\/option><option>Fran\u00e7a<\/option><option>Gab\u00e3o<\/option><option>G\u00e2mbia<\/option><option>Gana<\/option><option>Ge\u00f3rgia<\/option><option>Granada<\/option><option>Gr\u00e9cia<\/option><option>Guatemala<\/option><option>Guiana<\/option><option>Guin\u00e9<\/option><option>Guin\u00e9 Equatorial<\/option><option>Guin\u00e9-Bissau<\/option><option>Haiti<\/option><option>Holanda<\/option><option>Honduras<\/option><option>Hungria<\/option><option>I\u00e9men<\/option><option>Ilhas Marshall<\/option><option>\u00cdndia<\/option><option>Indon\u00e9sia<\/option><option>Ir\u00e3<\/option><option>Iraque<\/option><option>Irlanda<\/option><option>Isl\u00e2ndia<\/option><option>Israel<\/option><option>It\u00e1lia<\/option><option>Jamaica<\/option><option>Jap\u00e3o<\/option><option>Jord\u00e2nia<\/option><option>Laos<\/option><option>Let\u00f4nia<\/option><option>Lesoto<\/option><option>L\u00edbano<\/option><option>Liberia<\/option><option>L\u00edbia<\/option><option>Liechtenstein<\/option><option>Litu\u00e2nia<\/option><option>Luxemburgo<\/option><option>Maced\u00f4nia do Norte<\/option><option>Madag\u00e1scar<\/option><option>Mal\u00e1sia<\/option><option>Malaui<\/option><option>Maldivas<\/option><option>Mali<\/option><option>Malta<\/option><option>Marrocos<\/option><option>Maur\u00edcio<\/option><option>Maurit\u00e2nia<\/option><option>M\u00e9xico<\/option><option>Mianmar<\/option><option>Micron\u00e9sia<\/option><option>Mo\u00e7ambique<\/option><option>Mold\u00e1via<\/option><option>M\u00f4naco<\/option><option>Mong\u00f3lia<\/option><option>Montenegro<\/option><option>Nam\u00edbia<\/option><option>Nauru<\/option><option>Nepal<\/option><option>Nicar\u00e1gua<\/option><option>N\u00edger<\/option><option>Nig\u00e9ria<\/option><option>Noruega<\/option><option>Nova Zel\u00e2ndia<\/option><option>Om\u00e3<\/option><option>Pa\u00edses Baixos<\/option><option>Palau<\/option><option>Palestina<\/option><option>Panam\u00e1<\/option><option>Papua-Nova Guin\u00e9<\/option><option>Paquist\u00e3o<\/option><option>Paraguai<\/option><option>Peru<\/option><option>Pol\u00f4nia<\/option><option>Portugal<\/option><option>Qu\u00eania<\/option><option>Quirguist\u00e3o<\/option><option>Reino Unido<\/option><option>Rep\u00fablica Centro-Africana<\/option><option>Rep\u00fablica Checa<\/option><option>Rep\u00fablica Democr\u00e1tica do Congo<\/option><option>Rep\u00fablica Dominicana<\/option><option>Rom\u00eania<\/option><option>Ruanda<\/option><option>R\u00fassia<\/option><option>S\u00e3o Crist\u00f3v\u00e3o e Neves<\/option><option>S\u00e3o Marino<\/option><option>S\u00e3o Tom\u00e9 e Pr\u00edncipe<\/option><option>S\u00e3o Vicente e Granadinas<\/option><option>Senegal<\/option><option>Serra Leoa<\/option><option>S\u00e9rvia<\/option><option>S\u00edria<\/option><option>Singapura<\/option><option>Som\u00e1lia<\/option><option>Sri Lanka<\/option><option>Sud\u00e3o<\/option><option>Sud\u00e3o do Sul<\/option><option>Su\u00e9cia<\/option><option>Su\u00ed\u00e7a<\/option><option>Suriname<\/option><option>Tail\u00e2ndia<\/option><option>Taiwan<\/option><option>Tajiquist\u00e3o<\/option><option>Tanz\u00e2nia<\/option><option>Timor-Leste<\/option><option>Togo<\/option><option>Tonga<\/option><option>Trinidad e Tobago<\/option><option>Tun\u00edsia<\/option><option>Turcomenist\u00e3o<\/option><option>Turquia<\/option><option>Tuvalu<\/option><option>Ucr\u00e2nia<\/option><option>Uganda<\/option><option>Uruguai<\/option><option>Uzbequist\u00e3o<\/option><option>Vanuatu<\/option><option>Vaticano<\/option><option>Venezuela<\/option><option>Vietn\u00e3<\/option><option>Z\u00e2mbia<\/option><option>Zimb\u00e1bue<\/option><\/select>\n<\/div>\n<div class=\"tnp-field tnp-field-profile\"><label for=\"tnp-5\">Idioma<\/label>\n<select class=\"tnp-profile tnp-profile-3\" id=\"tnp-profile_3\" name=\"np3\"><option value=\"\" selected disabled>idioma<\/option><option>Portugu\u00eas<\/option><option>English<\/option><option>Espa\u00f1ol<\/option><\/select>\n<\/div>\n<div class=\"tnp-field tnp-field-button\" style=\"text-align: left\"><input class=\"tnp-submit\" type=\"submit\" value=\"Inscrever\/Subscribe\" style=\"\">\n<\/div>\n<\/form>\n<\/div>\n<\/p>\n","protected":false},"excerpt":{"rendered":"","protected":false},"author":14,"featured_media":0,"parent":0,"menu_order":0,"comment_status":"closed","ping_status":"closed","template":"","meta":{"footnotes":""},"class_list":["post-16774","page","type-page","status-publish","hentry"],"_links":{"self":[{"href":"https:\/\/homacdhe.com\/index.php\/wp-json\/wp\/v2\/pages\/16774","targetHints":{"allow":["GET"]}}],"collection":[{"href":"https:\/\/homacdhe.com\/index.php\/wp-json\/wp\/v2\/pages"}],"about":[{"href":"https:\/\/homacdhe.com\/index.php\/wp-json\/wp\/v2\/types\/page"}],"author":[{"embeddable":true,"href":"https:\/\/homacdhe.com\/index.php\/wp-json\/wp\/v2\/users\/14"}],"replies":[{"embeddable":true,"href":"https:\/\/homacdhe.com\/index.php\/wp-json\/wp\/v2\/comments?post=16774"}],"version-history":[{"count":1,"href":"https:\/\/homacdhe.com\/index.php\/wp-json\/wp\/v2\/pages\/16774\/revisions"}],"predecessor-version":[{"id":16775,"href":"https:\/\/homacdhe.com\/index.php\/wp-json\/wp\/v2\/pages\/16774\/revisions\/16775"}],"wp:attachment":[{"href":"https:\/\/homacdhe.com\/index.php\/wp-json\/wp\/v2\/media?parent=16774"}],"curies":[{"name":"wp","href":"https:\/\/api.w.org\/{rel}","templated":true}]}}