{"id":15108,"date":"2021-02-02T15:00:41","date_gmt":"2021-01-28T18:28:08","guid":{"rendered":"http:\/\/homacdhe.com\/?page_id=15108"},"modified":"2021-01-28T16:28:08","modified_gmt":"2021-01-28T18:28:08","slug":"diretrizes-coluna","status":"publish","type":"page","link":"https:\/\/homacdhe.com\/index.php\/diretrizes-coluna\/","title":{"rendered":"Diretrizes da Coluna em Direitos Humanos e Empresas"},"content":{"rendered":"<div  class='flex_column av-av_one_full-2a9015ff38129c418a3f2eafba3e9512 av_one_full  avia-builder-el-0  el_before_av_one_full  avia-builder-el-first  first flex_column_div  '     ><style type=\"text\/css\" data-created_by=\"avia_inline_auto\" id=\"style-css-av-av_heading-3b26ef843930a3d276d806c6aed9e0e1\">\n#top .av-special-heading.av-av_heading-3b26ef843930a3d276d806c6aed9e0e1{\npadding-bottom:10px;\n}\nbody .av-special-heading.av-av_heading-3b26ef843930a3d276d806c6aed9e0e1 .av-special-heading-tag .heading-char{\nfont-size:25px;\n}\n.av-special-heading.av-av_heading-3b26ef843930a3d276d806c6aed9e0e1 .av-subheading{\nfont-size:15px;\n}\n<\/style>\n<div  class='av-special-heading av-av_heading-3b26ef843930a3d276d806c6aed9e0e1 av-special-heading-h1 blockquote modern-quote modern-centered  avia-builder-el-1  avia-builder-el-no-sibling '><h1 class='av-special-heading-tag '  itemprop=\"headline\"  >Coluna em Direitos Humanos e Empresas<\/h1><div class=\"special-heading-border\"><div class=\"special-heading-inner-border\"><\/div><\/div><\/div><\/div><div  class='flex_column av-av_one_full-2a9015ff38129c418a3f2eafba3e9512 av_one_full  avia-builder-el-2  el_after_av_one_full  el_before_av_section  avia-builder-el-last  first flex_column_div  column-top-margin'     ><section  class='av_textblock_section av-av_textblock-0366cc7376be6c9e82a3e9cc8987b64f '   itemscope=\"itemscope\" itemtype=\"https:\/\/schema.org\/CreativeWork\" ><div class='avia_textblock'  itemprop=\"text\" ><p style=\"text-align: justify;\"><span style=\"font-weight: 400; font-size: 17px;\">O <strong>Homa, desde o in\u00edcio, se prop\u00f4s um espa\u00e7o aberto para discuss\u00f5es <\/strong>sobre Direitos Humanos e Empresas, dialogando com diversos atores da Sociedade Civil, das comunidades atingidas, da Academia e do Poder P\u00fablico. Nosso site institucional teve\u00a0em 2020 <strong><span class=\"avia-single-number\" data-number=\"9\">9<\/span><span class=\"avia-no-number\">.<\/span><span class=\"avia-single-number\" data-number=\"617\">617<\/span> visualiza\u00e7\u00f5es<\/strong>, um n\u00famero impressionante, tendo em vista o nicho delimitado em que nos inserimos.<\/span><\/p>\n<p style=\"text-align: justify;\"><span style=\"font-size: 17px;\"><strong>Buscando amplificar a voz e fomentar a discuss\u00e3o entre esses atores, atingidos e atingidas, pesquisadores e ativistas no tema de Direitos Humanos e Empresas, estamos abrindo o espa\u00e7o de Coluna em nosso site.<\/strong><\/span><\/p>\n<p style=\"text-align: justify;\"><span style=\"font-weight: 400; font-size: 17px;\">Convidamos a todas e todos a <strong>enviarem textos anal\u00edticos, ensaios (opinativo) ou relatos que dialoguem com temas atuais dentro da \u00e1rea, sob uma perspectiva do Sul Global, de defesa das comunidades atingidas e de primazia dos Direitos Humanos<\/strong>, a fim de integrar a coluna quinzenal no nosso site.<\/span><\/p>\n<p style=\"text-align: justify;\"><span style=\"font-size: 17px;\">Lembramos que para produ\u00e7\u00f5es acad\u00eamicas, como artigos cient\u00edficos, n\u00f3s possu\u00edmos\u00a0o peri\u00f3dico cient\u00edfico <strong>Homa Publica &#8211; Revista Internacional de Derechos Humanos y Empresas<\/strong>, que publica artigos na tem\u00e1tica e recebe submiss\u00f5es em fluxo cont\u00ednuo, durante todo o ano.<\/span><\/p>\n<\/div><\/section><\/div><\/div><\/div><\/div><!-- close content main div --><\/div><\/div>\n<style type=\"text\/css\" data-created_by=\"avia_inline_auto\" id=\"style-css-av-av_section-367d82eaefde05bbe059e1c55ce17968\">\n.avia-section.av-av_section-367d82eaefde05bbe059e1c55ce17968{\nbackground-color:#582c83;\nbackground-image:unset;\n}\n<\/style>\n<div id='av_section_1'  class='avia-section av-av_section-367d82eaefde05bbe059e1c55ce17968 main_color avia-section-default avia-no-shadow  avia-builder-el-4  el_after_av_one_full  el_before_av_one_full  avia-bg-style-scroll container_wrap sidebar_right'  ><div class='container av-section-cont-open' ><div class='template-page content  av-content-small alpha units'><div class='post-entry post-entry-type-page post-entry-15108'><div class='entry-content-wrapper clearfix'>\n\n<style type=\"text\/css\" data-created_by=\"avia_inline_auto\" id=\"style-css-av-av_heading-e8b774fd3fcc397f0e657ee117e815ee\">\n#top .av-special-heading.av-av_heading-e8b774fd3fcc397f0e657ee117e815ee{\npadding-bottom:0;\ncolor:#ffffff;\n}\nbody .av-special-heading.av-av_heading-e8b774fd3fcc397f0e657ee117e815ee .av-special-heading-tag .heading-char{\nfont-size:25px;\n}\n.av-special-heading.av-av_heading-e8b774fd3fcc397f0e657ee117e815ee .special-heading-inner-border{\nborder-color:#ffffff;\n}\n.av-special-heading.av-av_heading-e8b774fd3fcc397f0e657ee117e815ee .av-subheading{\nfont-size:15px;\n}\n<\/style>\n<div  class='av-special-heading av-av_heading-e8b774fd3fcc397f0e657ee117e815ee av-special-heading-h2 custom-color-heading  avia-builder-el-5  avia-builder-el-no-sibling '><h2 class='av-special-heading-tag '  itemprop=\"headline\"  >Diretrizes para envio de textos<\/h2><div class=\"special-heading-border\"><div class=\"special-heading-inner-border\"><\/div><\/div><\/div>\n<\/div><\/div><\/div><!-- close content main div --><\/div><\/div><div id='after_section_1'  class='main_color av_default_container_wrap container_wrap sidebar_right'  ><div class='container av-section-cont-open' ><div class='template-page content  av-content-small alpha units'><div class='post-entry post-entry-type-page post-entry-15108'><div class='entry-content-wrapper clearfix'><div  class='flex_column av-av_one_full-2a9015ff38129c418a3f2eafba3e9512 av_one_full  avia-builder-el-6  el_after_av_section  el_before_av_button_big  avia-builder-el-no-sibling  first flex_column_div  '     ><section  class='av_textblock_section av-av_textblock-0366cc7376be6c9e82a3e9cc8987b64f '   itemscope=\"itemscope\" itemtype=\"https:\/\/schema.org\/CreativeWork\" ><div class='avia_textblock'  itemprop=\"text\" ><ol>\n<li style=\"font-weight: 400;\"><span style=\"font-size: 17px;\"><span style=\"font-weight: 400;\">O envio dos textos dever\u00e1 ser feito em arquivo Word (.doc\/.docx) pelo e-<\/span><span style=\"font-weight: 400;\">mail <\/span><a href=\"mailto:projeto.homa@ufjf.edu.br\"><span style=\"font-weight: 400;\">projeto.homa@ufjf.edu.br<\/span><\/a><span style=\"font-weight: 400;\">, estando a publica\u00e7\u00e3o condicionada \u00e0 aprova\u00e7\u00e3<\/span><span style=\"font-weight: 400;\">o da Coordena\u00e7\u00e3o de Comunica\u00e7\u00e3o e, havendo sugest\u00f5es de altera\u00e7\u00e3o, ao cumprimento das recomenda\u00e7\u00f5es contidas na decis\u00e3o editorial;<\/span><\/span><\/li>\n<li style=\"font-weight: 400;\"><span style=\"font-weight: 400; font-size: 17px;\">O documento dever\u00e1 conter tamb\u00e9m t\u00edtulo do texto, nome completo da\/o autora\/r (ou autoras\/es) e breve qualifica\u00e7\u00e3o (incluindo, atua\u00e7\u00e3o profissional, titula\u00e7\u00e3o acad\u00eamica, institui\u00e7\u00f5es \u00e0s quais perten\u00e7a);\u00a0<\/span><\/li>\n<li style=\"font-weight: 400;\"><span style=\"font-weight: 400; font-size: 17px;\">O texto n\u00e3o deve ultrapassar 5 p\u00e1ginas (excetuados os casos autorizados pela Coordena\u00e7\u00e3o de Comunica\u00e7\u00e3o), devendo ser utilizada fonte Arial, tamanho 12, espa\u00e7amento 1,5; margens superior e esquerda 3,0 cm e inferior e direita 2,0 cm, folha tamanho A4;<\/span><\/li>\n<li style=\"font-weight: 400;\"><span style=\"font-size: 17px;\"><span style=\"font-weight: 400;\">Ser\u00e3o avaliados: a originalidade, a atualidade e pertin\u00eancia \u00e0 tem\u00e1tica de Direitos Humanos e Empresas, a consist\u00eancia e rigor da abordagem, assim como <\/span><b>a ader\u00eancia aos nossos objetivos institucionais e \u00e0s nossas orienta\u00e7\u00f5es de pesquisas<\/b><span style=\"font-weight: 400;\">;<\/span><\/span><\/li>\n<li style=\"font-weight: 400;\"><span style=\"font-size: 17px;\"><span style=\"font-weight: 400;\">Os textos poder\u00e3o ser enviados em <\/span><b>portugu\u00eas, ingl\u00eas ou espanhol<\/b><span style=\"font-weight: 400;\">. Caso avalie pertinente, o Homa se reserva no direito de traduzir\u00a0as publica\u00e7\u00f5es para outros idiomas para aumentar o seu alcance;<\/span><\/span><\/li>\n<li style=\"font-weight: 400;\"><span style=\"font-weight: 400; font-size: 17px;\"><strong>O conte\u00fado publicado na coluna \u00e9 de inteira responsabilidade do seu autor<\/strong>;<\/span><\/li>\n<li style=\"font-weight: 400;\"><span style=\"font-weight: 400; font-size: 17px;\">As publica\u00e7\u00f5es podem conter mais de 1 autora\/r, desde que todos tenham contribu\u00eddo para a sua produ\u00e7\u00e3o;<\/span><\/li>\n<li style=\"font-weight: 400;\"><span style=\"font-weight: 400; font-size: 17px;\">O Homa se reserva no direito de recursar textos que conflitem com seus objetivos institucionais e orienta\u00e7\u00f5es de pesquisas, sem a obrigatoriedade de fundamenta\u00e7\u00e3o da recusa, ou caso n\u00e3o sejam respeitadas as demais condi\u00e7\u00f5es elencadas nesse edital<\/span><\/li>\n<\/ol>\n<\/div><\/section><\/div><div  class='avia-button-wrap avia-button-center  avia-builder-el-8  el_after_av_one_full  avia-builder-el-last '>\n<style type=\"text\/css\" data-created_by=\"avia_inline_auto\" id=\"style-css-av-av_button_big-862bf0b76819df098295116091f92156\">\n#top #wrap_all .avia-button.av-av_button_big-862bf0b76819df098295116091f92156{\nbackground-color:#00798c;\nborder-color:#00798c;\ncolor:#ffffff;\ntransition:all 0.4s ease-in-out;\n}\n#top #wrap_all .avia-button.av-av_button_big-862bf0b76819df098295116091f92156:hover{\ncolor:#ffffff;\ntransition:all 0.4s ease-in-out;\n}\n#top #wrap_all .avia-button.av-av_button_big-862bf0b76819df098295116091f92156 .avia-svg-icon svg:first-child{\nfill:#ffffff;\nstroke:#ffffff;\n}\n#top #wrap_all .avia-button.av-av_button_big-862bf0b76819df098295116091f92156:hover .avia-svg-icon svg:first-child{\nfill:#ffffff;\nstroke:#ffffff;\n}\n<\/style>\n<a href='https:\/\/homacdhe.com\/colunas\/' class='avia-button avia-button-fullwidth av-av_button_big-862bf0b76819df098295116091f92156 avia-icon_select-no avia-color-custom'   aria-label=\"Leia a Coluna\"><span class='avia_iconbox_title' >Leia a Coluna<\/span><span class='avia_button_background avia-button avia-button-fullwidth avia-color-theme-color'><\/span><\/a><\/div><\/p>\n","protected":false},"excerpt":{"rendered":"","protected":false},"author":4,"featured_media":0,"parent":0,"menu_order":24,"comment_status":"closed","ping_status":"closed","template":"","meta":{"footnotes":""},"class_list":["post-15108","page","type-page","status-publish","hentry"],"_links":{"self":[{"href":"https:\/\/homacdhe.com\/index.php\/wp-json\/wp\/v2\/pages\/15108","targetHints":{"allow":["GET"]}}],"collection":[{"href":"https:\/\/homacdhe.com\/index.php\/wp-json\/wp\/v2\/pages"}],"about":[{"href":"https:\/\/homacdhe.com\/index.php\/wp-json\/wp\/v2\/types\/page"}],"author":[{"embeddable":true,"href":"https:\/\/homacdhe.com\/index.php\/wp-json\/wp\/v2\/users\/4"}],"replies":[{"embeddable":true,"href":"https:\/\/homacdhe.com\/index.php\/wp-json\/wp\/v2\/comments?post=15108"}],"version-history":[{"count":9,"href":"https:\/\/homacdhe.com\/index.php\/wp-json\/wp\/v2\/pages\/15108\/revisions"}],"predecessor-version":[{"id":15134,"href":"https:\/\/homacdhe.com\/index.php\/wp-json\/wp\/v2\/pages\/15108\/revisions\/15134"}],"wp:attachment":[{"href":"https:\/\/homacdhe.com\/index.php\/wp-json\/wp\/v2\/media?parent=15108"}],"curies":[{"name":"wp","href":"https:\/\/api.w.org\/{rel}","templated":true}]}}