{"id":15084,"date":"2021-03-15T15:42:47","date_gmt":"2021-01-28T12:33:32","guid":{"rendered":"http:\/\/homacdhe.com\/?page_id=15084"},"modified":"2021-03-11T12:31:23","modified_gmt":"2021-03-11T15:31:23","slug":"incidencia","status":"publish","type":"page","link":"https:\/\/homacdhe.com\/index.php\/o-centro\/incidencia\/","title":{"rendered":"Capacidade de incid\u00eancia"},"content":{"rendered":"\n<style type=\"text\/css\" data-created_by=\"avia_inline_auto\" id=\"style-css-av-av_section-ca4b2fdc288740772fae0f9859543e78\">\n.avia-section.av-av_section-ca4b2fdc288740772fae0f9859543e78{\nbackground-color:#00798c;\nbackground-image:unset;\n}\n<\/style>\n<div id='av_section_1'  class='avia-section av-av_section-ca4b2fdc288740772fae0f9859543e78 main_color avia-section-default avia-no-shadow  avia-builder-el-0  el_before_av_one_full  avia-builder-el-first  avia-bg-style-scroll container_wrap sidebar_right'  ><div class='container av-section-cont-open' ><main  role=\"main\" itemprop=\"mainContentOfPage\"  class='template-page content  av-content-small alpha units'><div class='post-entry post-entry-type-page post-entry-15084'><div class='entry-content-wrapper clearfix'>\n\n<style type=\"text\/css\" data-created_by=\"avia_inline_auto\" id=\"style-css-av-av_heading-24d55632cdf7be05f1484e4027e128bc\">\n#top .av-special-heading.av-av_heading-24d55632cdf7be05f1484e4027e128bc{\npadding-bottom:0;\ncolor:#ffffff;\n}\nbody .av-special-heading.av-av_heading-24d55632cdf7be05f1484e4027e128bc .av-special-heading-tag .heading-char{\nfont-size:25px;\n}\n.av-special-heading.av-av_heading-24d55632cdf7be05f1484e4027e128bc .special-heading-inner-border{\nborder-color:#ffffff;\n}\n.av-special-heading.av-av_heading-24d55632cdf7be05f1484e4027e128bc .av-subheading{\nfont-size:15px;\n}\n<\/style>\n<div  class='av-special-heading av-av_heading-24d55632cdf7be05f1484e4027e128bc av-special-heading-h1 custom-color-heading blockquote modern-quote modern-centered  avia-builder-el-1  avia-builder-el-no-sibling '><h1 class='av-special-heading-tag '  itemprop=\"headline\"  >Nossa capacidade de incid\u00eancia<\/h1><div class=\"special-heading-border\"><div class=\"special-heading-inner-border\"><\/div><\/div><\/div>\n<\/div><\/div><\/main><!-- close content main element --><\/div><\/div><div id='after_section_1'  class='main_color av_default_container_wrap container_wrap sidebar_right'  ><div class='container av-section-cont-open' ><div class='template-page content  av-content-small alpha units'><div class='post-entry post-entry-type-page post-entry-15084'><div class='entry-content-wrapper clearfix'>\n<div  class='flex_column av-av_one_full-2a9015ff38129c418a3f2eafba3e9512 av_one_full  avia-builder-el-2  el_after_av_section  el_before_av_one_third  avia-builder-el-first  first flex_column_div  '     ><section  class='av_textblock_section av-av_textblock-0366cc7376be6c9e82a3e9cc8987b64f '   itemscope=\"itemscope\" itemtype=\"https:\/\/schema.org\/CreativeWork\" ><div class='avia_textblock'  itemprop=\"text\" ><p style=\"text-align: justify;\"><span style=\"font-size: 17px;\">O Homa, tendo em vista uma an\u00e1lise estrat\u00e9gica desde sua cria\u00e7\u00e3o da necessidade de <span style=\"color: #00798c;\"><strong>contribuir para a luta dos atingidos e atingidas<\/strong><\/span>\u00a0contra viola\u00e7\u00f5es de Direitos Humanos pelas empresas, <span style=\"color: #00798c;\"><strong>atua de forma a<\/strong> <strong>potencializar a defesa dos direitos dessas popula\u00e7\u00f5es, a partir de\u00a0sua capacita\u00e7\u00e3o jur\u00eddica<\/strong><\/span>. Para tanto, o Centro busca incidir junto \u00e0 Sociedade Civil em diversas frentes de trabalho.\u00a0<\/span><\/p>\n<p style=\"text-align: justify;\"><span style=\"font-size: 17px;\">Ao longo dos seus\u00a0<span style=\"color: #00798c;\"><strong>9 anos<\/strong><\/span>\u00a0de exist\u00eancia e atua\u00e7\u00e3o na tem\u00e1tica de Direitos Humanos e Empresas, englobando\u00a0<span style=\"color: #00798c;\"><strong>atividades no Brasil, na Am\u00e9rica Latina e na ONU<\/strong><\/span>, o Homa acumulou um amplo conhecimento na \u00e1rea,\u00a0atendendo demandas\u00a0de diversas organiza\u00e7\u00f5es da Sociedade Civil brasileira e internacional.<\/span><\/p>\n<p style=\"text-align: justify;\"><span style=\"font-size: 17px;\">Atualmente,\u00a0nossa capacidade de incid\u00eancia compreende as\u00a0atividades discriminados abaixo. Caso possua alguma dessas demandas, entre em contato conosco pelo nosso e-mail\u00a0projeto.homa@ufjf.edu.br<\/span><\/p>\n<\/div><\/section><\/div><div  class='flex_column av-av_one_third-2a9015ff38129c418a3f2eafba3e9512 av_one_third  avia-builder-el-4  el_after_av_one_full  el_before_av_one_third  first flex_column_div  column-top-margin'     ><p>\n<style type=\"text\/css\" data-created_by=\"avia_inline_auto\" id=\"style-css-av-av_heading-abdca7a08f283024795e3512deac6ded\">\n#top .av-special-heading.av-av_heading-abdca7a08f283024795e3512deac6ded{\npadding-bottom:10px;\ncolor:#582c83;\n}\nbody .av-special-heading.av-av_heading-abdca7a08f283024795e3512deac6ded .av-special-heading-tag .heading-char{\nfont-size:25px;\n}\n.av-special-heading.av-av_heading-abdca7a08f283024795e3512deac6ded .special-heading-inner-border{\nborder-color:#582c83;\n}\n.av-special-heading.av-av_heading-abdca7a08f283024795e3512deac6ded .av-subheading{\nfont-size:15px;\n}\n<\/style>\n<div  class='av-special-heading av-av_heading-abdca7a08f283024795e3512deac6ded av-special-heading-h1 custom-color-heading blockquote modern-quote modern-centered  avia-builder-el-5  el_before_av_hr  avia-builder-el-first '><h1 class='av-special-heading-tag '  itemprop=\"headline\"  >Pesquisa<\/h1><div class=\"special-heading-border\"><div class=\"special-heading-inner-border\"><\/div><\/div><\/div><br \/>\n\n<style type=\"text\/css\" data-created_by=\"avia_inline_auto\" id=\"style-css-av-av_hr-8fed15bc4ac415a4bf72ab6854a6e856\">\n#top .hr.av-av_hr-8fed15bc4ac415a4bf72ab6854a6e856{\nmargin-top:10;\nmargin-bottom:10;\n}\n.hr.av-av_hr-8fed15bc4ac415a4bf72ab6854a6e856 .hr-inner{\nwidth:10;\nborder-color:#582c83;\n}\n<\/style>\n<div  class='hr av-av_hr-8fed15bc4ac415a4bf72ab6854a6e856 hr-custom  avia-builder-el-6  el_after_av_heading  el_before_av_heading  hr-center hr-icon-no'><span class='hr-inner inner-border-av-border-fat'><span class=\"hr-inner-style\"><\/span><\/span><\/div><br \/>\n\n<style type=\"text\/css\" data-created_by=\"avia_inline_auto\" id=\"style-css-av-av_heading-72a75454b3f136f0b5ebc1362e9a4fd6\">\n#top .av-special-heading.av-av_heading-72a75454b3f136f0b5ebc1362e9a4fd6{\npadding-bottom:10px;\ncolor:#582c83;\n}\nbody .av-special-heading.av-av_heading-72a75454b3f136f0b5ebc1362e9a4fd6 .av-special-heading-tag .heading-char{\nfont-size:25px;\n}\n.av-special-heading.av-av_heading-72a75454b3f136f0b5ebc1362e9a4fd6 .special-heading-inner-border{\nborder-color:#582c83;\n}\n.av-special-heading.av-av_heading-72a75454b3f136f0b5ebc1362e9a4fd6 .av-subheading{\nfont-size:15px;\n}\n<\/style>\n<div  class='av-special-heading av-av_heading-72a75454b3f136f0b5ebc1362e9a4fd6 av-special-heading-h2 custom-color-heading blockquote modern-quote modern-centered  avia-builder-el-7  el_after_av_hr  avia-builder-el-last '><h2 class='av-special-heading-tag '  itemprop=\"headline\"  >Estudo e produ\u00e7\u00e3o de publica\u00e7\u00f5es acad\u00eamicas e material did\u00e1tico<\/h2><div class='av_custom_color av-subheading av-subheading_below'><p>&#8211; Relat\u00f3rios;<br \/>\n&#8211; Artigos cient\u00edficos;<br \/>\n&#8211; Estudos de Caso;<br \/>\n&#8211; Estudo de Direito Comparado;<br \/>\n&#8211; Pesquisas diversas envolvendo viola\u00e7\u00f5es de Direitos Humanos por empresas ou pol\u00edticas no campo.<\/p>\n<\/div><div class=\"special-heading-border\"><div class=\"special-heading-inner-border\"><\/div><\/div><\/div><\/p><\/div><\/p>\n<div  class='flex_column av-av_one_third-93a81277e5006bb2348109df4de0b554 av_one_third  avia-builder-el-8  el_after_av_one_third  el_before_av_one_third  flex_column_div  column-top-margin'     ><p>\n<style type=\"text\/css\" data-created_by=\"avia_inline_auto\" id=\"style-css-av-av_heading-65fc786d7009f98b509ba04ad5ee95a8\">\n#top .av-special-heading.av-av_heading-65fc786d7009f98b509ba04ad5ee95a8{\npadding-bottom:10px;\ncolor:#00b0b9;\n}\nbody .av-special-heading.av-av_heading-65fc786d7009f98b509ba04ad5ee95a8 .av-special-heading-tag .heading-char{\nfont-size:25px;\n}\n.av-special-heading.av-av_heading-65fc786d7009f98b509ba04ad5ee95a8 .special-heading-inner-border{\nborder-color:#00b0b9;\n}\n.av-special-heading.av-av_heading-65fc786d7009f98b509ba04ad5ee95a8 .av-subheading{\nfont-size:15px;\n}\n<\/style>\n<div  class='av-special-heading av-av_heading-65fc786d7009f98b509ba04ad5ee95a8 av-special-heading-h1 custom-color-heading blockquote modern-quote modern-centered  avia-builder-el-9  el_before_av_hr  avia-builder-el-first '><h1 class='av-special-heading-tag '  itemprop=\"headline\"  >Capacita\u00e7\u00e3o<\/h1><div class=\"special-heading-border\"><div class=\"special-heading-inner-border\"><\/div><\/div><\/div><br \/>\n\n<style type=\"text\/css\" data-created_by=\"avia_inline_auto\" id=\"style-css-av-av_hr-45f5a03b884acf17572b7822c7361e51\">\n#top .hr.av-av_hr-45f5a03b884acf17572b7822c7361e51{\nmargin-top:10;\nmargin-bottom:10;\n}\n.hr.av-av_hr-45f5a03b884acf17572b7822c7361e51 .hr-inner{\nwidth:10;\nborder-color:#00b0b9;\n}\n<\/style>\n<div  class='hr av-av_hr-45f5a03b884acf17572b7822c7361e51 hr-custom  avia-builder-el-10  el_after_av_heading  el_before_av_heading  hr-center hr-icon-no'><span class='hr-inner inner-border-av-border-fat'><span class=\"hr-inner-style\"><\/span><\/span><\/div><br \/>\n\n<style type=\"text\/css\" data-created_by=\"avia_inline_auto\" id=\"style-css-av-av_heading-ca83036ea4678a1861ddf24e1b17045f\">\n#top .av-special-heading.av-av_heading-ca83036ea4678a1861ddf24e1b17045f{\npadding-bottom:10px;\ncolor:#00b0b9;\n}\nbody .av-special-heading.av-av_heading-ca83036ea4678a1861ddf24e1b17045f .av-special-heading-tag .heading-char{\nfont-size:25px;\n}\n.av-special-heading.av-av_heading-ca83036ea4678a1861ddf24e1b17045f .special-heading-inner-border{\nborder-color:#00b0b9;\n}\n.av-special-heading.av-av_heading-ca83036ea4678a1861ddf24e1b17045f .av-subheading{\nfont-size:15px;\n}\n<\/style>\n<div  class='av-special-heading av-av_heading-ca83036ea4678a1861ddf24e1b17045f av-special-heading-h2 custom-color-heading blockquote modern-quote modern-centered  avia-builder-el-11  el_after_av_hr  avia-builder-el-last '><h2 class='av-special-heading-tag '  itemprop=\"headline\"  >Capacita\u00e7\u00e3o de atores da Sociedade Civil, do Poder P\u00fablico e do setor privado em Direitos Humanos e Empresas<\/h2><div class='av_custom_color av-subheading av-subheading_below'><p>&#8211; Cursos de curta ou longa dura\u00e7\u00e3o;<br \/>\n&#8211; Oficinas tem\u00e1ticas;<br \/>\n&#8211; Palestras em eventos.<\/p>\n<\/div><div class=\"special-heading-border\"><div class=\"special-heading-inner-border\"><\/div><\/div><\/div><\/p><\/div>\n<div  class='flex_column av-av_one_third-93a81277e5006bb2348109df4de0b554 av_one_third  avia-builder-el-12  el_after_av_one_third  el_before_av_one_full  flex_column_div  column-top-margin'     ><p>\n<style type=\"text\/css\" data-created_by=\"avia_inline_auto\" id=\"style-css-av-av_heading-c0fc1b36b42a643063e729756d68e776\">\n#top .av-special-heading.av-av_heading-c0fc1b36b42a643063e729756d68e776{\npadding-bottom:10px;\ncolor:#006295;\n}\nbody .av-special-heading.av-av_heading-c0fc1b36b42a643063e729756d68e776 .av-special-heading-tag .heading-char{\nfont-size:25px;\n}\n.av-special-heading.av-av_heading-c0fc1b36b42a643063e729756d68e776 .special-heading-inner-border{\nborder-color:#006295;\n}\n.av-special-heading.av-av_heading-c0fc1b36b42a643063e729756d68e776 .av-subheading{\nfont-size:15px;\n}\n<\/style>\n<div  class='av-special-heading av-av_heading-c0fc1b36b42a643063e729756d68e776 av-special-heading-h1 custom-color-heading blockquote modern-quote modern-centered  avia-builder-el-13  el_before_av_hr  avia-builder-el-first '><h1 class='av-special-heading-tag '  itemprop=\"headline\"  >Consultoria<\/h1><div class=\"special-heading-border\"><div class=\"special-heading-inner-border\"><\/div><\/div><\/div><br \/>\n\n<style type=\"text\/css\" data-created_by=\"avia_inline_auto\" id=\"style-css-av-av_hr-3b0d53768ef0a42d8109610c0ffef1c3\">\n#top .hr.av-av_hr-3b0d53768ef0a42d8109610c0ffef1c3{\nmargin-top:10;\nmargin-bottom:10;\n}\n.hr.av-av_hr-3b0d53768ef0a42d8109610c0ffef1c3 .hr-inner{\nwidth:10;\nborder-color:#006295;\n}\n<\/style>\n<div  class='hr av-av_hr-3b0d53768ef0a42d8109610c0ffef1c3 hr-custom  avia-builder-el-14  el_after_av_heading  el_before_av_heading  hr-center hr-icon-no'><span class='hr-inner inner-border-av-border-fat'><span class=\"hr-inner-style\"><\/span><\/span><\/div><br \/>\n\n<style type=\"text\/css\" data-created_by=\"avia_inline_auto\" id=\"style-css-av-av_heading-570fa50ed8f922a99492e3324fa8d570\">\n#top .av-special-heading.av-av_heading-570fa50ed8f922a99492e3324fa8d570{\npadding-bottom:10px;\ncolor:#006295;\n}\nbody .av-special-heading.av-av_heading-570fa50ed8f922a99492e3324fa8d570 .av-special-heading-tag .heading-char{\nfont-size:25px;\n}\n.av-special-heading.av-av_heading-570fa50ed8f922a99492e3324fa8d570 .special-heading-inner-border{\nborder-color:#006295;\n}\n.av-special-heading.av-av_heading-570fa50ed8f922a99492e3324fa8d570 .av-subheading{\nfont-size:15px;\n}\n<\/style>\n<div  class='av-special-heading av-av_heading-570fa50ed8f922a99492e3324fa8d570 av-special-heading-h2 custom-color-heading blockquote modern-quote modern-centered  avia-builder-el-15  el_after_av_hr  avia-builder-el-last '><h2 class='av-special-heading-tag '  itemprop=\"headline\"  >Assessoria em Direitos Humanos e Empresas para Sociedade Civil e Poder P\u00fablico<\/h2><div class='av_custom_color av-subheading av-subheading_below'><p>&#8211; Elabora\u00e7\u00e3o e an\u00e1lise de minutas de resolu\u00e7\u00f5es normativas;<br \/>\n&#8211; An\u00e1lise de projetos de lei;<br \/>\n&#8211; Coprodu\u00e7\u00e3o e an\u00e1lise de pol\u00edticas p\u00fablicas;<br \/>\n&#8211; Acompanhamento e assessoria em a\u00e7\u00f5es judiciais envolvendo viola\u00e7\u00f5es de Direitos Humanos por Empresas;<br \/>\n&#8211; Assessoria em atividades diversas;<\/p>\n<\/div><div class=\"special-heading-border\"><div class=\"special-heading-inner-border\"><\/div><\/div><\/div><\/p><\/div>\n<div  class='flex_column av-av_one_full-2a9015ff38129c418a3f2eafba3e9512 av_one_full  avia-builder-el-16  el_after_av_one_third  avia-builder-el-last  first flex_column_div  column-top-margin'     ><section  class='av_textblock_section av-av_textblock-0366cc7376be6c9e82a3e9cc8987b64f '   itemscope=\"itemscope\" itemtype=\"https:\/\/schema.org\/CreativeWork\" ><div class='avia_textblock'  itemprop=\"text\" ><p style=\"text-align: center;\"><span style=\"font-size: 17px;\">Algumas demandas j\u00e1 atentidas\u00a0pelo Centro:<\/span><\/p>\n<p style=\"text-align: center;\"><span style=\"font-size: 17px; color: #582c83;\"><strong>Pesquisa:<\/strong><\/span><br \/>\n<span style=\"font-size: 17px;\"> I &#8211; Elabora\u00e7\u00e3o do documento \u201cA necessidade e viabilidade de um marco geral em Direitos Humanos e Empresas no Brasil\u201d para a FES &#8211; Brasil e Amigos da Terra Brasil (2020);<\/span><br \/>\n<span style=\"font-size: 17px;\"> II &#8211; Elabora\u00e7\u00e3o do documento \u201cComent\u00e1rios sobre o PL 2.788\/2019 sobre a Pol\u00edtica Nacional de Direitos das Popula\u00e7\u00f5es Atingidas por Barragens\u201d para o Movimento dos Atingidos por Barragens &#8211; MAB (2020);<\/span><br \/>\n<span style=\"font-size: 17px;\"> III &#8211; Elabora\u00e7\u00e3o de diversos relat\u00f3rios de an\u00e1lise dos drafts e do processo do Tratado em Direitos Humanos e Empresas na ONU para a Global Campaign (desde 2014);<\/span><br \/>\n<span style=\"font-size: 17px;\"> IV &#8211; Elabora\u00e7\u00e3o da minuta da Resolu\u00e7\u00e3o n\u00ba 5, de 12 de mar\u00e7o de 2020, do Conselho Nacional de Direitos Humanos &#8211; CNDH &#8211; que disp\u00f5e sobre Diretrizes Nacionais para uma Pol\u00edtica P\u00fablica sobre Direitos Humanos e Empresas (2019);<\/span><br \/>\n<span style=\"font-size: 17px;\"> V &#8211; Elabora\u00e7\u00e3o do relat\u00f3rio: \u201cO caso do Complexo Portu\u00e1rio do A\u00e7u-RJ\u201d (2017);<\/span><\/p>\n<p style=\"text-align: center;\"><span style=\"font-size: 17px; color: #00b0b9;\"><strong>Capacita\u00e7\u00e3o:<\/strong><\/span><br \/>\n<span style=\"font-size: 17px;\">I &#8211; Oferecimento de curso sobre aspectos jur\u00eddicos do Tratado em Direitos Humanos e Empresas para a Friends of the Earth International (2021);<\/span><br \/>\n<span style=\"font-size: 17px;\">II &#8211; Oferecimento de centenas de palestras por todo o mundo sobre o tema, incluindo no Conselho de Direitos Humanos da ONU, Parlamento do Mercosul e do Uruguai e Associa\u00e7\u00e3o dos Advogados de S\u00e3o Paulo &#8211; AASP (desde 2012);<\/span><br \/>\n<span style=\"font-size: 17px;\">III &#8211; Oferecimento de oficina de Direitos Humanos e Minera\u00e7\u00e3o na UFJF-MG em parceria com a Rede de Pesquisa Rio Doce (2017);<\/span><\/p>\n<p style=\"text-align: center;\"><span style=\"font-size: 17px; color: #006295;\"><strong>Consultoria:<\/strong><\/span><br \/>\n<span style=\"font-size: 17px;\">I &#8211; Assessoramento da Global Campaign sobre o processo de negocia\u00e7\u00e3o do Tratado em Direitos Humanos e Empresas na ONU (desde 2014);<\/span><br \/>\n<span style=\"font-size: 17px;\">II &#8211; Assessoramento do Conselho Nacional de Direitos Humanos &#8211; CNDH &#8211; no tema de Direitos Humanos e Empresas (2019);<\/span><\/p>\n<\/div><\/section><\/div>\n","protected":false},"excerpt":{"rendered":"","protected":false},"author":4,"featured_media":0,"parent":7,"menu_order":21,"comment_status":"closed","ping_status":"closed","template":"","meta":{"footnotes":""},"class_list":["post-15084","page","type-page","status-publish","hentry"],"_links":{"self":[{"href":"https:\/\/homacdhe.com\/index.php\/wp-json\/wp\/v2\/pages\/15084","targetHints":{"allow":["GET"]}}],"collection":[{"href":"https:\/\/homacdhe.com\/index.php\/wp-json\/wp\/v2\/pages"}],"about":[{"href":"https:\/\/homacdhe.com\/index.php\/wp-json\/wp\/v2\/types\/page"}],"author":[{"embeddable":true,"href":"https:\/\/homacdhe.com\/index.php\/wp-json\/wp\/v2\/users\/4"}],"replies":[{"embeddable":true,"href":"https:\/\/homacdhe.com\/index.php\/wp-json\/wp\/v2\/comments?post=15084"}],"version-history":[{"count":31,"href":"https:\/\/homacdhe.com\/index.php\/wp-json\/wp\/v2\/pages\/15084\/revisions"}],"predecessor-version":[{"id":15228,"href":"https:\/\/homacdhe.com\/index.php\/wp-json\/wp\/v2\/pages\/15084\/revisions\/15228"}],"up":[{"embeddable":true,"href":"https:\/\/homacdhe.com\/index.php\/wp-json\/wp\/v2\/pages\/7"}],"wp:attachment":[{"href":"https:\/\/homacdhe.com\/index.php\/wp-json\/wp\/v2\/media?parent=15084"}],"curies":[{"name":"wp","href":"https:\/\/api.w.org\/{rel}","templated":true}]}}