{"id":14860,"date":"2020-09-25T17:25:57","date_gmt":"2020-09-25T20:24:40","guid":{"rendered":"http:\/\/homacdhe.com\/?page_id=14860"},"modified":"2021-06-21T14:47:20","modified_gmt":"2021-06-21T17:47:20","slug":"publicacoes-comunidades-tradicionais-e-grupos-vulneraveis","status":"publish","type":"page","link":"https:\/\/homacdhe.com\/index.php\/documentos-sobre-empresas-e-direitos-humanos\/publicacoes-comunidades-tradicionais-e-grupos-vulneraveis\/","title":{"rendered":"Publica\u00e7\u00f5es | Comunidades Tradicionais e Grupos Vulner\u00e1veis"},"content":{"rendered":"\n<style type=\"text\/css\" data-created_by=\"avia_inline_auto\" id=\"style-css-av-av_heading-194ba19b1c3a5a32ccbca940c42fd5f1\">\n#top .av-special-heading.av-av_heading-194ba19b1c3a5a32ccbca940c42fd5f1{\npadding-bottom:4px;\nfont-size:45px;\n}\nbody .av-special-heading.av-av_heading-194ba19b1c3a5a32ccbca940c42fd5f1 .av-special-heading-tag .heading-char{\nfont-size:25px;\n}\n#top #wrap_all .av-special-heading.av-av_heading-194ba19b1c3a5a32ccbca940c42fd5f1 .av-special-heading-tag{\nfont-size:45px;\n}\n.av-special-heading.av-av_heading-194ba19b1c3a5a32ccbca940c42fd5f1 .av-subheading{\nfont-size:15px;\n}\n\n@media only screen and (min-width: 480px) and (max-width: 767px){ \n#top #wrap_all .av-special-heading.av-av_heading-194ba19b1c3a5a32ccbca940c42fd5f1 .av-special-heading-tag{\nfont-size:0.8em;\n}\n}\n\n@media only screen and (max-width: 479px){ \n#top #wrap_all .av-special-heading.av-av_heading-194ba19b1c3a5a32ccbca940c42fd5f1 .av-special-heading-tag{\nfont-size:0.8em;\n}\n}\n<\/style>\n<div  class='av-special-heading av-av_heading-194ba19b1c3a5a32ccbca940c42fd5f1 av-special-heading-h1 blockquote modern-quote modern-centered  avia-builder-el-0  el_before_av_section  avia-builder-el-no-sibling  av-inherit-size'><h1 class='av-special-heading-tag '  itemprop=\"headline\"  >Documentos<\/h1><div class=\"special-heading-border\"><div class=\"special-heading-inner-border\"><\/div><\/div><\/div>\n<\/div><\/div><\/div><!-- close content main div --><\/div><\/div>\n<style type=\"text\/css\" data-created_by=\"avia_inline_auto\" id=\"style-css-av-av_section-993d3195927a89e10af9ac03207e4c7b\">\n.avia-section.av-av_section-993d3195927a89e10af9ac03207e4c7b{\nbackground-color:#00b0b9;\nbackground-image:unset;\n}\n.avia-section.av-av_section-993d3195927a89e10af9ac03207e4c7b .av-extra-border-element .av-extra-border-inner{\nbackground-color:#00b0b9;\n}\n<\/style>\n<div id='av_section_1'  class='avia-section av-av_section-993d3195927a89e10af9ac03207e4c7b main_color avia-section-default avia-shadow  avia-builder-el-1  el_after_av_heading  el_before_av_section  avia-bg-style-scroll av-arrow-down-section container_wrap sidebar_right'  ><div class='container av-section-cont-open' ><div class='template-page content  av-content-small alpha units'><div class='post-entry post-entry-type-page post-entry-14860'><div class='entry-content-wrapper clearfix'>\n\n<style type=\"text\/css\" data-created_by=\"avia_inline_auto\" id=\"style-css-av-av_heading-6633d32fd59f16abb087bc84497aa1fd\">\n#top .av-special-heading.av-av_heading-6633d32fd59f16abb087bc84497aa1fd{\npadding-bottom:3px;\ncolor:#ffffff;\n}\nbody .av-special-heading.av-av_heading-6633d32fd59f16abb087bc84497aa1fd .av-special-heading-tag .heading-char{\nfont-size:25px;\n}\n.av-special-heading.av-av_heading-6633d32fd59f16abb087bc84497aa1fd .special-heading-inner-border{\nborder-color:#ffffff;\n}\n.av-special-heading.av-av_heading-6633d32fd59f16abb087bc84497aa1fd .av-subheading{\nfont-size:15px;\n}\n<\/style>\n<div  class='av-special-heading av-av_heading-6633d32fd59f16abb087bc84497aa1fd av-special-heading-h1 custom-color-heading blockquote modern-quote modern-centered  avia-builder-el-2  avia-builder-el-no-sibling '><h1 class='av-special-heading-tag '  itemprop=\"headline\"  >Comunidades Tradicionais e Grupos Vulner\u00e1veis<\/h1><div class=\"special-heading-border\"><div class=\"special-heading-inner-border\"><\/div><\/div><\/div>\n\n<\/div><\/div><\/div><!-- close content main div --><\/div><div class='av-extra-border-element border-extra-arrow-down'><div class='av-extra-border-outer'><div class='av-extra-border-inner'><\/div><\/div><\/div><\/div>\n<style type=\"text\/css\" data-created_by=\"avia_inline_auto\" id=\"style-css-av-av_section-11086440b26079084bdbe7386a4075ee\">\n.avia-section.av-av_section-11086440b26079084bdbe7386a4075ee{\nbackground-color:#ffffff;\nbackground-image:unset;\n}\n<\/style>\n<div id='av_section_2'  class='avia-section av-av_section-11086440b26079084bdbe7386a4075ee main_color avia-section-default avia-no-shadow  avia-builder-el-3  el_after_av_section  el_before_av_section  avia-bg-style-parallax container_wrap sidebar_right'  ><div class='container av-section-cont-open' ><div class='template-page content  av-content-small alpha units'><div class='post-entry post-entry-type-page post-entry-14860'><div class='entry-content-wrapper clearfix'>\n<div  class='flex_column av-av_one_fourth-2a9015ff38129c418a3f2eafba3e9512 av_one_fourth  avia-builder-el-4  el_before_av_one_fourth  avia-builder-el-first  first flex_column_div  '     ><section  class='avia-team-member av-av_team_member-2e13bb365b5fe405ed5e02bdb812b517  avia-builder-el-5  avia-builder-el-no-sibling '  itemscope=\"itemscope\" itemtype=\"https:\/\/schema.org\/Person\" ><div class=\"team-img-container\"><img fetchpriority=\"high\" class='wp-image-15460 avia-img-lazy-loading-not-15460 avia_image avia_image_team' src='https:\/\/homacdhe.com\/wp-content\/uploads\/2015\/12\/WhatsApp-Image-2021-06-21-at-14.35.27-796x1030.jpeg' alt='Revista Aportes: O direito \u00e0 consulta pr\u00e9via, livre e informada ap\u00f3s 30 anos da ado\u00e7\u00e3o da Conven\u00e7\u00e3o 169 da OIT'  itemprop=\"image\"   height=\"1030\" width=\"796\" \/><div class=\"team-social\"><div class=\"team-social-inner\"><span class='hidden av_member_url_markup '  itemprop=\"url\" >http:\/\/www.dplf.org\/sites\/default\/files\/aportes_22_version_portugues_0.pdf<\/span><a href=\"http:\/\/www.dplf.org\/sites\/default\/files\/aportes_22_version_portugues_0.pdf\" class=\"avia-team-icon av-av_team_icon-11dae95ee5499195a36d6819a9b68710 avia-iconfont avia-font-entypo-fontello\" rel=\"v:url noopener\" data-avia-tooltip=\"PDF\" target=\"_blank\" data-av_icon=\"\ue84d\" data-av_iconfont=\"entypo-fontello\"><\/a><\/div><\/div><\/div><h3 class='team-member-name '  itemprop=\"name\" >Revista Aportes: O direito \u00e0 consulta pr\u00e9via, livre e informada ap\u00f3s 30 anos da ado\u00e7\u00e3o da Conven\u00e7\u00e3o 169 da OIT<\/h3><div class='team-member-job-title '  itemprop=\"jobTitle\" >Revista<\/div><div class='team-member-description '  itemprop=\"description\" ><p>2020<br \/>\nRevista da Funda\u00e7\u00e3o para o Devido Processo<br \/>\nDispon\u00edvel em PT.<\/p>\n<\/div><span class='hidden team-member-affiliation'  itemprop=\"affiliation\" >Homa<\/span><\/section><\/div><div  class='flex_column av-av_one_fourth-93a81277e5006bb2348109df4de0b554 av_one_fourth  avia-builder-el-6  el_after_av_one_fourth  el_before_av_one_fourth  flex_column_div  '     ><section  class='avia-team-member av-av_team_member-06f37877b7c3b326850dd01af7883e3e  avia-builder-el-7  avia-builder-el-no-sibling '  itemscope=\"itemscope\" itemtype=\"https:\/\/schema.org\/Person\" ><div class=\"team-img-container\"><img fetchpriority=\"high\" class='wp-image-13298 avia-img-lazy-loading-not-13298 avia_image avia_image_team' src='https:\/\/homacdhe.com\/wp-content\/uploads\/2018\/04\/CAPA-DIREITOS-HUMANOS_escolhida-e1523648413910.jpg' alt='Direitos Humanos e Empresas - O Estado da Arte do Direito Brasileiro'  itemprop=\"image\"   height=\"592\" width=\"386\" \/><div class=\"team-social\"><div class=\"team-social-inner\"><span class='hidden av_member_url_markup '  itemprop=\"url\" >http:\/\/homacdhe.com\/wp-content\/uploads\/2017\/03\/Direitos-Humanos-e-Empresas.pdf<\/span><a href=\"http:\/\/homacdhe.com\/wp-content\/uploads\/2017\/03\/Direitos-Humanos-e-Empresas.pdf\" class=\"avia-team-icon av-av_team_icon-53db7b641cda4f9072e73459cf95af86 avia-iconfont avia-font-entypo-fontello\" rel=\"v:url\" data-avia-tooltip=\"PDF\" target=\"_blank\" data-av_icon=\"\ue84d\" data-av_iconfont=\"entypo-fontello\"><\/a><\/div><\/div><\/div><h3 class='team-member-name '  itemprop=\"name\" >Direitos Humanos e Empresas - O Estado da Arte do Direito Brasileiro<\/h3><div class='team-member-job-title '  itemprop=\"jobTitle\" >Livro<\/div><div class='team-member-description '  itemprop=\"description\" ><p>Dispon\u00edvel em PT.<\/p>\n<\/div><span class='hidden team-member-affiliation'  itemprop=\"affiliation\" >Homa<\/span><\/section><\/div><div  class='flex_column av-av_one_fourth-93a81277e5006bb2348109df4de0b554 av_one_fourth  avia-builder-el-8  el_after_av_one_fourth  avia-builder-el-last  flex_column_div  '     ><section  class='avia-team-member av-av_team_member-82aead5af49795fa4d021f985799fb54  avia-builder-el-9  avia-builder-el-no-sibling '  itemscope=\"itemscope\" itemtype=\"https:\/\/schema.org\/Person\" ><div class=\"team-img-container\"><img fetchpriority=\"high\" class='wp-image-13772 avia-img-lazy-loading-not-13772 avia_image avia_image_team' src='https:\/\/homacdhe.com\/wp-content\/uploads\/2015\/12\/Capa-artigo.png' alt='A necessidade de uma perspectiva de g\u00eanero em um tratado em Direitos Humanos e Empresas nas Na\u00e7\u00f5es Unidas'  itemprop=\"image\"   height=\"1542\" width=\"1082\" \/><div class=\"team-social\"><div class=\"team-social-inner\"><span class='hidden av_member_url_markup '  itemprop=\"url\" >http:\/\/homacdhe.com\/wp-content\/uploads\/2019\/06\/TCC-Maria-Diagramada.pdf<\/span><a href=\"http:\/\/homacdhe.com\/wp-content\/uploads\/2019\/06\/TCC-Maria-Diagramada.pdf\" class=\"avia-team-icon av-av_team_icon-be94e236333b0f7d56dba150b2c8fd17 avia-iconfont avia-font-entypo-fontello\" rel=\"v:url\" data-avia-tooltip=\"PDF\" target=\"_blank\" data-av_icon=\"\ue84d\" data-av_iconfont=\"entypo-fontello\"><\/a><\/div><\/div><\/div><h3 class='team-member-name '  itemprop=\"name\" >A necessidade de uma perspectiva de g\u00eanero em um tratado em Direitos Humanos e Empresas nas Na\u00e7\u00f5es Unidas<\/h3><div class='team-member-job-title '  itemprop=\"jobTitle\" >Artigo<\/div><div class='team-member-description '  itemprop=\"description\" ><p>Dispon\u00edvel em PT.<\/p>\n<\/div><span class='hidden team-member-affiliation'  itemprop=\"affiliation\" >Homa<\/span><\/section><\/div><\/div><\/div><\/div><!-- close content main div --><\/div><\/div><div id='av_section_3'  class='avia-section av-av_section-d21fdcaeecb69b7efe4eaf10b6112bd0 main_color avia-section-default avia-no-shadow  avia-builder-el-10  el_after_av_section  avia-builder-el-last  avia-bg-style-scroll container_wrap sidebar_right'  ><div class='container av-section-cont-open' ><div class='template-page content  av-content-small alpha units'><div class='post-entry post-entry-type-page post-entry-14860'><div class='entry-content-wrapper clearfix'>\n\n<style type=\"text\/css\" data-created_by=\"avia_inline_auto\" id=\"style-css-av-av_heading-c110aa415712e27af72f854d8ca1b272\">\n#top .av-special-heading.av-av_heading-c110aa415712e27af72f854d8ca1b272{\npadding-bottom:23px;\n}\nbody .av-special-heading.av-av_heading-c110aa415712e27af72f854d8ca1b272 .av-special-heading-tag .heading-char{\nfont-size:25px;\n}\n.av-special-heading.av-av_heading-c110aa415712e27af72f854d8ca1b272 .av-subheading{\nfont-size:15px;\n}\n<\/style>\n<div  class='av-special-heading av-av_heading-c110aa415712e27af72f854d8ca1b272 av-special-heading-h1 blockquote modern-quote modern-centered  avia-builder-el-11  el_before_av_hr  avia-builder-el-first '><h1 class='av-special-heading-tag '  itemprop=\"headline\"  >Confira nossos documentos por tema<\/h1><div class=\"special-heading-border\"><div class=\"special-heading-inner-border\"><\/div><\/div><\/div>\n\n<style type=\"text\/css\" data-created_by=\"avia_inline_auto\" id=\"style-css-av-av_hr-0688d0b0b6ed2f8b057db7a8270206df\">\n#top .hr.hr-invisible.av-av_hr-0688d0b0b6ed2f8b057db7a8270206df{\nheight:50px;\n}\n<\/style>\n<div  class='hr av-av_hr-0688d0b0b6ed2f8b057db7a8270206df hr-invisible  avia-builder-el-12  el_after_av_heading  el_before_av_one_third '><span class='hr-inner '><span class=\"hr-inner-style\"><\/span><\/span><\/div>\n<div  class='flex_column av-av_one_third-2a9015ff38129c418a3f2eafba3e9512 av_one_third  avia-builder-el-13  el_after_av_hr  el_before_av_one_third  first flex_column_div  '     ><div  class='avia-button-wrap avia-button-center  avia-builder-el-14  avia-builder-el-no-sibling '>\n<style type=\"text\/css\" data-created_by=\"avia_inline_auto\" id=\"style-css-av-av_button_big-99444c05285bc1cf7872643220939a21\">\n#top #wrap_all .avia-button.av-av_button_big-99444c05285bc1cf7872643220939a21{\nbackground-color:#582c83;\nborder-color:#582c83;\ncolor:#ffffff;\ntransition:all 0.4s ease-in-out;\n}\n#top #wrap_all .avia-button.av-av_button_big-99444c05285bc1cf7872643220939a21:hover{\ncolor:#ffffff;\ntransition:all 0.4s ease-in-out;\n}\n#top #wrap_all .avia-button.av-av_button_big-99444c05285bc1cf7872643220939a21 .avia-svg-icon svg:first-child{\nfill:#ffffff;\nstroke:#ffffff;\n}\n#top #wrap_all .avia-button.av-av_button_big-99444c05285bc1cf7872643220939a21:hover .avia-svg-icon svg:first-child{\nfill:#ffffff;\nstroke:#ffffff;\n}\n<\/style>\n<a href=\"https:\/\/homacdhe.com\/index.php\/documentos-sobre-empresas-e-direitos-humanos\/publicacoes-topicos-gerais-em-direitos-humanos-e-empresas\/\" class=\"avia-button avia-button-fullwidth av-av_button_big-99444c05285bc1cf7872643220939a21 avia-icon_select-no avia-color-custom\" aria-label=\"T\u00f3picos Gerais em Direitos Humanos e Empresas\"><span class='avia_iconbox_title' >T\u00f3picos Gerais em Direitos Humanos e Empresas<\/span><span class='avia_button_background avia-button avia-button-fullwidth avia-color-theme-color-subtle'><\/span><\/a><\/div><\/div><div  class='flex_column av-av_one_third-93a81277e5006bb2348109df4de0b554 av_one_third  avia-builder-el-15  el_after_av_one_third  el_before_av_one_third  flex_column_div  '     ><div  class='avia-button-wrap avia-button-center  avia-builder-el-16  avia-builder-el-no-sibling '>\n<style type=\"text\/css\" data-created_by=\"avia_inline_auto\" id=\"style-css-av-av_button_big-9775a3b43878edb254f65dd00a9f65f3\">\n#top #wrap_all .avia-button.av-av_button_big-9775a3b43878edb254f65dd00a9f65f3{\nbackground-color:#00798c;\nborder-color:#00798c;\ncolor:#ffffff;\ntransition:all 0.4s ease-in-out;\n}\n#top #wrap_all .avia-button.av-av_button_big-9775a3b43878edb254f65dd00a9f65f3:hover{\ncolor:#ffffff;\ntransition:all 0.4s ease-in-out;\n}\n#top #wrap_all .avia-button.av-av_button_big-9775a3b43878edb254f65dd00a9f65f3 .avia-svg-icon svg:first-child{\nfill:#ffffff;\nstroke:#ffffff;\n}\n#top #wrap_all .avia-button.av-av_button_big-9775a3b43878edb254f65dd00a9f65f3:hover .avia-svg-icon svg:first-child{\nfill:#ffffff;\nstroke:#ffffff;\n}\n<\/style>\n<a href=\"https:\/\/homacdhe.com\/index.php\/documentos-sobre-empresas-e-direitos-humanos\/publicacoes-politicas-publicas-nacionais-em-direitos-humanos-e-empresas\/\" class=\"avia-button avia-button-fullwidth av-av_button_big-9775a3b43878edb254f65dd00a9f65f3 avia-icon_select-no avia-color-custom\" aria-label=\"Pol\u00edticas P\u00fablicas Nacionais em Direitos Humanos e Empresas\"><span class='avia_iconbox_title' >Pol\u00edticas P\u00fablicas Nacionais em Direitos Humanos e Empresas<\/span><span class='avia_button_background avia-button avia-button-fullwidth avia-color-theme-color-subtle'><\/span><\/a><\/div><\/div><div  class='flex_column av-av_one_third-93a81277e5006bb2348109df4de0b554 av_one_third  avia-builder-el-17  el_after_av_one_third  el_before_av_hr  flex_column_div  '     ><div  class='avia-button-wrap avia-button-center  avia-builder-el-18  avia-builder-el-no-sibling '>\n<style type=\"text\/css\" data-created_by=\"avia_inline_auto\" id=\"style-css-av-av_button_big-62812ca5a87730c72015017d775d8498\">\n#top #wrap_all .avia-button.av-av_button_big-62812ca5a87730c72015017d775d8498{\nbackground-color:#006295;\nborder-color:#006295;\ncolor:#ffffff;\ntransition:all 0.4s ease-in-out;\n}\n#top #wrap_all .avia-button.av-av_button_big-62812ca5a87730c72015017d775d8498:hover{\ncolor:#ffffff;\ntransition:all 0.4s ease-in-out;\n}\n#top #wrap_all .avia-button.av-av_button_big-62812ca5a87730c72015017d775d8498 .avia-svg-icon svg:first-child{\nfill:#ffffff;\nstroke:#ffffff;\n}\n#top #wrap_all .avia-button.av-av_button_big-62812ca5a87730c72015017d775d8498:hover .avia-svg-icon svg:first-child{\nfill:#ffffff;\nstroke:#ffffff;\n}\n<\/style>\n<a href=\"https:\/\/homacdhe.com\/index.php\/documentos-sobre-empresas-e-direitos-humanos\/publicacoes-agenda-internacional-de-direitos-humanos-e-empresas\/\" class=\"avia-button avia-button-fullwidth av-av_button_big-62812ca5a87730c72015017d775d8498 avia-icon_select-no avia-color-custom\" aria-label=\"Agenda Internacional de Direitos Humanos e Empresas\"><span class='avia_iconbox_title' >Agenda Internacional de Direitos Humanos e Empresas<\/span><span class='avia_button_background avia-button avia-button-fullwidth avia-color-theme-color-subtle'><\/span><\/a><\/div><\/div>\n<style type=\"text\/css\" data-created_by=\"avia_inline_auto\" id=\"style-css-av-av_hr-0688d0b0b6ed2f8b057db7a8270206df\">\n#top .hr.hr-invisible.av-av_hr-0688d0b0b6ed2f8b057db7a8270206df{\nheight:50px;\n}\n<\/style>\n<div  class='hr av-av_hr-0688d0b0b6ed2f8b057db7a8270206df hr-invisible  avia-builder-el-19  el_after_av_one_third  el_before_av_one_third '><span class='hr-inner '><span class=\"hr-inner-style\"><\/span><\/span><\/div>\n<div  class='flex_column av-av_one_third-2a9015ff38129c418a3f2eafba3e9512 av_one_third  avia-builder-el-20  el_after_av_hr  el_before_av_one_third  first flex_column_div  '     ><div  class='avia-button-wrap avia-button-center  avia-builder-el-21  avia-builder-el-no-sibling '>\n<style type=\"text\/css\" data-created_by=\"avia_inline_auto\" id=\"style-css-av-av_button_big-4e713ca15bd566475f1dba8b72835e3a\">\n#top #wrap_all .avia-button.av-av_button_big-4e713ca15bd566475f1dba8b72835e3a{\nbackground-color:#af216b;\nborder-color:#af216b;\ncolor:#ffffff;\ntransition:all 0.4s ease-in-out;\n}\n#top #wrap_all .avia-button.av-av_button_big-4e713ca15bd566475f1dba8b72835e3a:hover{\ncolor:#ffffff;\ntransition:all 0.4s ease-in-out;\n}\n#top #wrap_all .avia-button.av-av_button_big-4e713ca15bd566475f1dba8b72835e3a .avia-svg-icon svg:first-child{\nfill:#ffffff;\nstroke:#ffffff;\n}\n#top #wrap_all .avia-button.av-av_button_big-4e713ca15bd566475f1dba8b72835e3a:hover .avia-svg-icon svg:first-child{\nfill:#ffffff;\nstroke:#ffffff;\n}\n<\/style>\n<a href=\"https:\/\/homacdhe.com\/index.php\/documentos-sobre-empresas-e-direitos-humanos\/publicacoes-mineracao-e-direitos-humanos\/\" class=\"avia-button avia-button-fullwidth av-av_button_big-4e713ca15bd566475f1dba8b72835e3a avia-icon_select-no avia-color-custom\" aria-label=\"Minera\u00e7\u00e3o e viola\u00e7\u00f5es de Direitos Humanos\"><span class='avia_iconbox_title' >Minera\u00e7\u00e3o e viola\u00e7\u00f5es de Direitos Humanos<\/span><span class='avia_button_background avia-button avia-button-fullwidth avia-color-theme-color-subtle'><\/span><\/a><\/div><\/div><div  class='flex_column av-av_one_third-93a81277e5006bb2348109df4de0b554 av_one_third  avia-builder-el-22  el_after_av_one_third  el_before_av_one_third  flex_column_div  '     ><div  class='avia-button-wrap avia-button-center  avia-builder-el-23  avia-builder-el-no-sibling '>\n<style type=\"text\/css\" data-created_by=\"avia_inline_auto\" id=\"style-css-av-av_button_big-765e916538c8e440f3208b5a546e0cea\">\n#top #wrap_all .avia-button.av-av_button_big-765e916538c8e440f3208b5a546e0cea{\nbackground-color:#878787;\nborder-color:#878787;\ncolor:#ffffff;\ntransition:all 0.4s ease-in-out;\n}\n#top #wrap_all .avia-button.av-av_button_big-765e916538c8e440f3208b5a546e0cea:hover{\ncolor:#ffffff;\ntransition:all 0.4s ease-in-out;\n}\n#top #wrap_all .avia-button.av-av_button_big-765e916538c8e440f3208b5a546e0cea .avia-svg-icon svg:first-child{\nfill:#ffffff;\nstroke:#ffffff;\n}\n#top #wrap_all .avia-button.av-av_button_big-765e916538c8e440f3208b5a546e0cea:hover .avia-svg-icon svg:first-child{\nfill:#ffffff;\nstroke:#ffffff;\n}\n<\/style>\n<a href=\"https:\/\/homacdhe.com\/index.php\/documentos-sobre-empresas-e-direitos-humanos\/publicacoes-financiamento-publico-a-grandes-empreendimentos\/\" class=\"avia-button avia-button-fullwidth av-av_button_big-765e916538c8e440f3208b5a546e0cea avia-icon_select-no avia-color-custom\" aria-label=\"Financiamento P\u00fablico a grandes empreendimentos\"><span class='avia_iconbox_title' >Financiamento P\u00fablico a grandes empreendimentos<\/span><span class='avia_button_background avia-button avia-button-fullwidth avia-color-theme-color-subtle'><\/span><\/a><\/div><\/div><div  class='flex_column av-av_one_third-93a81277e5006bb2348109df4de0b554 av_one_third  avia-builder-el-24  el_after_av_one_third  avia-builder-el-last  flex_column_div  '     ><div  class='avia-button-wrap avia-button-center  avia-builder-el-25  avia-builder-el-no-sibling '>\n<style type=\"text\/css\" data-created_by=\"avia_inline_auto\" id=\"style-css-av-av_button_big-5a73e4e63feb7c8dbc3376e6fe21fa7d\">\n#top #wrap_all .avia-button.av-av_button_big-5a73e4e63feb7c8dbc3376e6fe21fa7d{\nbackground-color:#00b0b9;\nborder-color:#00b0b9;\ncolor:#ffffff;\ntransition:all 0.4s ease-in-out;\n}\n#top #wrap_all .avia-button.av-av_button_big-5a73e4e63feb7c8dbc3376e6fe21fa7d:hover{\ncolor:#ffffff;\ntransition:all 0.4s ease-in-out;\n}\n#top #wrap_all .avia-button.av-av_button_big-5a73e4e63feb7c8dbc3376e6fe21fa7d .avia-svg-icon svg:first-child{\nfill:#ffffff;\nstroke:#ffffff;\n}\n#top #wrap_all .avia-button.av-av_button_big-5a73e4e63feb7c8dbc3376e6fe21fa7d:hover .avia-svg-icon svg:first-child{\nfill:#ffffff;\nstroke:#ffffff;\n}\n<\/style>\n<a href=\"https:\/\/homacdhe.com\/index.php\/documentos-sobre-empresas-e-direitos-humanos\/publicacoes-comunidades-tradicionais-e-grupos-vulneraveis\/\" class=\"avia-button avia-button-fullwidth av-av_button_big-5a73e4e63feb7c8dbc3376e6fe21fa7d avia-icon_select-no avia-color-custom\" aria-label=\"Comunidades tradicionais e Grupos Vulner\u00e1veis\"><span class='avia_iconbox_title' >Comunidades tradicionais e Grupos Vulner\u00e1veis<\/span><span class='avia_button_background avia-button avia-button-fullwidth avia-color-theme-color-subtle'><\/span><\/a><\/div><\/div>\n<\/div><\/div><\/div><!-- close content main div --><\/div><\/div><div id='after_section_3'  class='main_color av_default_container_wrap container_wrap sidebar_right'  ><div class='container av-section-cont-open' ><div class='template-page content  av-content-small alpha units'><div class='post-entry post-entry-type-page post-entry-14860'><div class='entry-content-wrapper clearfix'><\/p>\n","protected":false},"excerpt":{"rendered":"","protected":false},"author":4,"featured_media":0,"parent":3540,"menu_order":27,"comment_status":"closed","ping_status":"closed","template":"","meta":{"footnotes":""},"class_list":["post-14860","page","type-page","status-publish","hentry"],"_links":{"self":[{"href":"https:\/\/homacdhe.com\/index.php\/wp-json\/wp\/v2\/pages\/14860","targetHints":{"allow":["GET"]}}],"collection":[{"href":"https:\/\/homacdhe.com\/index.php\/wp-json\/wp\/v2\/pages"}],"about":[{"href":"https:\/\/homacdhe.com\/index.php\/wp-json\/wp\/v2\/types\/page"}],"author":[{"embeddable":true,"href":"https:\/\/homacdhe.com\/index.php\/wp-json\/wp\/v2\/users\/4"}],"replies":[{"embeddable":true,"href":"https:\/\/homacdhe.com\/index.php\/wp-json\/wp\/v2\/comments?post=14860"}],"version-history":[{"count":6,"href":"https:\/\/homacdhe.com\/index.php\/wp-json\/wp\/v2\/pages\/14860\/revisions"}],"predecessor-version":[{"id":15463,"href":"https:\/\/homacdhe.com\/index.php\/wp-json\/wp\/v2\/pages\/14860\/revisions\/15463"}],"up":[{"embeddable":true,"href":"https:\/\/homacdhe.com\/index.php\/wp-json\/wp\/v2\/pages\/3540"}],"wp:attachment":[{"href":"https:\/\/homacdhe.com\/index.php\/wp-json\/wp\/v2\/media?parent=14860"}],"curies":[{"name":"wp","href":"https:\/\/api.w.org\/{rel}","templated":true}]}}