{"id":14834,"date":"2020-09-25T17:15:36","date_gmt":"2020-09-25T20:14:46","guid":{"rendered":"http:\/\/homacdhe.com\/?page_id=14834"},"modified":"2020-09-25T17:15:36","modified_gmt":"2020-09-25T20:15:36","slug":"publicaciones-politicas-publicas-brasilenas-sobre-derechos-humanos-y-empresas","status":"publish","type":"page","link":"https:\/\/homacdhe.com\/index.php\/documentos\/publicaciones-politicas-publicas-brasilenas-sobre-derechos-humanos-y-empresas\/","title":{"rendered":"Publicaciones | Pol\u00edticas P\u00fablicas Brasile\u00f1as sobre Derechos Humanos y Empresas"},"content":{"rendered":"","protected":false},"excerpt":{"rendered":"","protected":false},"author":4,"featured_media":0,"parent":14385,"menu_order":4,"comment_status":"closed","ping_status":"closed","template":"","meta":{"footnotes":""},"class_list":["post-14834","page","type-page","status-publish","hentry"],"_links":{"self":[{"href":"https:\/\/homacdhe.com\/index.php\/wp-json\/wp\/v2\/pages\/14834","targetHints":{"allow":["GET"]}}],"collection":[{"href":"https:\/\/homacdhe.com\/index.php\/wp-json\/wp\/v2\/pages"}],"about":[{"href":"https:\/\/homacdhe.com\/index.php\/wp-json\/wp\/v2\/types\/page"}],"author":[{"embeddable":true,"href":"https:\/\/homacdhe.com\/index.php\/wp-json\/wp\/v2\/users\/4"}],"replies":[{"embeddable":true,"href":"https:\/\/homacdhe.com\/index.php\/wp-json\/wp\/v2\/comments?post=14834"}],"version-history":[{"count":1,"href":"https:\/\/homacdhe.com\/index.php\/wp-json\/wp\/v2\/pages\/14834\/revisions"}],"predecessor-version":[{"id":14835,"href":"https:\/\/homacdhe.com\/index.php\/wp-json\/wp\/v2\/pages\/14834\/revisions\/14835"}],"up":[{"embeddable":true,"href":"https:\/\/homacdhe.com\/index.php\/wp-json\/wp\/v2\/pages\/14385"}],"wp:attachment":[{"href":"https:\/\/homacdhe.com\/index.php\/wp-json\/wp\/v2\/media?parent=14834"}],"curies":[{"name":"wp","href":"https:\/\/api.w.org\/{rel}","templated":true}]}}