{"id":13,"date":"2012-11-27T16:03:04","date_gmt":"2012-11-27T18:03:04","guid":{"rendered":"http:\/\/www.projetodheufjf.com.br\/?page_id=13"},"modified":"2020-09-25T17:26:43","modified_gmt":"2020-09-25T20:26:43","slug":"entre-em-contato","status":"publish","type":"page","link":"https:\/\/homacdhe.com\/index.php\/entre-em-contato\/","title":{"rendered":"Contato"},"content":{"rendered":"<div  class='flex_column av-av_one_third-2a9015ff38129c418a3f2eafba3e9512 av_one_third  avia-builder-el-0  el_before_av_two_third  avia-builder-el-first  first flex_column_div  '     ><p>\n<style type=\"text\/css\" data-created_by=\"avia_inline_auto\" id=\"style-css-av-av_heading-a25c702aeffab1f9d9dfbfe884111379\">\n#top .av-special-heading.av-av_heading-a25c702aeffab1f9d9dfbfe884111379{\npadding-bottom:10px;\n}\nbody .av-special-heading.av-av_heading-a25c702aeffab1f9d9dfbfe884111379 .av-special-heading-tag .heading-char{\nfont-size:25px;\n}\n.av-special-heading.av-av_heading-a25c702aeffab1f9d9dfbfe884111379 .av-subheading{\nfont-size:15px;\n}\n<\/style>\n<div  class='av-special-heading av-av_heading-a25c702aeffab1f9d9dfbfe884111379 av-special-heading-h3  avia-builder-el-1  el_before_av_textblock  avia-builder-el-first '><h3 class='av-special-heading-tag '  itemprop=\"headline\"  >Siga-nos nas redes sociais<\/h3><div class=\"special-heading-border\"><div class=\"special-heading-inner-border\"><\/div><\/div><\/div><br \/>\n<section  class='av_textblock_section av-av_textblock-0366cc7376be6c9e82a3e9cc8987b64f '   itemscope=\"itemscope\" itemtype=\"https:\/\/schema.org\/CreativeWork\" ><div class='avia_textblock'  itemprop=\"text\" ><p style=\"text-align: center\"><a href=\"https:\/\/www.instagram.com\/homacdhe\/\" target=\"_blank\" rel=\"noopener\"><img decoding=\"async\" class=\"alignnone size-full wp-image-9096 lazyload\" src=\"data:image\/gif;base64,R0lGODlhAQABAIAAAAAAAP\/\/\/yH5BAEAAAAALAAAAAABAAEAAAIBRAA7\" data-src=\"http:\/\/homacdhe.com\/wp-content\/uploads\/2020\/01\/Instagram.png\" alt=\"Instagram\" width=\"60\" height=\"20\" \/><noscript><img decoding=\"async\" class=\"alignnone size-full wp-image-9096 lazyload\" src=\"http:\/\/homacdhe.com\/wp-content\/uploads\/2020\/01\/Instagram.png\" alt=\"Instagram\" width=\"60\" height=\"20\" \/><\/noscript><\/a><\/p>\n<p style=\"text-align: center\"><a href=\"https:\/\/www.facebook.com\/homacdhe\" target=\"_blank\" rel=\"noopener\"><img decoding=\"async\" class=\"alignnone size-full wp-image-9096 lazyload\" src=\"data:image\/gif;base64,R0lGODlhAQABAIAAAAAAAP\/\/\/yH5BAEAAAAALAAAAAABAAEAAAIBRAA7\" data-src=\"http:\/\/homacdhe.com\/wp-content\/uploads\/2020\/01\/facebook.png\" alt=\"Facebook\" width=\"60\" height=\"20\" \/><noscript><img decoding=\"async\" class=\"alignnone size-full wp-image-9096 lazyload\" src=\"http:\/\/homacdhe.com\/wp-content\/uploads\/2020\/01\/facebook.png\" alt=\"Facebook\" width=\"60\" height=\"20\" \/><\/noscript><br \/>\n<\/a><\/p>\n<p style=\"text-align: center\"><a href=\"https:\/\/twitter.com\/homacdhe\" target=\"_blank\" rel=\"noopener\"><img decoding=\"async\" class=\"alignnone size-full wp-image-9096 lazyload\" src=\"data:image\/gif;base64,R0lGODlhAQABAIAAAAAAAP\/\/\/yH5BAEAAAAALAAAAAABAAEAAAIBRAA7\" data-src=\"http:\/\/homacdhe.com\/wp-content\/uploads\/2020\/01\/Twitter.png\" alt=\"Twitter\" width=\"60\" height=\"20\" \/><noscript><img decoding=\"async\" class=\"alignnone size-full wp-image-9096 lazyload\" src=\"http:\/\/homacdhe.com\/wp-content\/uploads\/2020\/01\/Twitter.png\" alt=\"Twitter\" width=\"60\" height=\"20\" \/><\/noscript><\/a><a href=\"https:\/\/www.youtube.com\/channel\/UCOoNDIKrXquDuVBaQa7XIYA\" target=\"_blank\" rel=\"noopener\"><br \/>\n<\/a><\/p>\n<p style=\"text-align: center\"><a href=\"https:\/\/www.youtube.com\/channel\/UCOoNDIKrXquDuVBaQa7XIYA\" target=\"_blank\" rel=\"noopener\"><img decoding=\"async\" class=\"alignnone size-full wp-image-9096 aligncenter lazyload\" src=\"data:image\/gif;base64,R0lGODlhAQABAIAAAAAAAP\/\/\/yH5BAEAAAAALAAAAAABAAEAAAIBRAA7\" data-src=\"http:\/\/homacdhe.com\/wp-content\/uploads\/2020\/01\/Youtube.png\" alt=\"Youtube\" width=\"60\" height=\"20\" \/><noscript><img decoding=\"async\" class=\"alignnone size-full wp-image-9096 aligncenter lazyload\" src=\"http:\/\/homacdhe.com\/wp-content\/uploads\/2020\/01\/Youtube.png\" alt=\"Youtube\" width=\"60\" height=\"20\" \/><\/noscript><\/a><\/p>\n<p style=\"text-align: center\"><a href=\"https:\/\/www.linkedin.com\/company\/homa-centro-de-direitos-humanos-e-empresas\/\" target=\"_blank\" rel=\"noopener\"><img decoding=\"async\" class=\"alignnone size-full wp-image-9096 aligncenter lazyload\" src=\"data:image\/gif;base64,R0lGODlhAQABAIAAAAAAAP\/\/\/yH5BAEAAAAALAAAAAABAAEAAAIBRAA7\" data-src=\"http:\/\/homacdhe.com\/wp-content\/uploads\/2020\/06\/LinkdIn.png\" alt=\"Youtube\" width=\"60\" height=\"20\" \/><noscript><img decoding=\"async\" class=\"alignnone size-full wp-image-9096 aligncenter lazyload\" src=\"http:\/\/homacdhe.com\/wp-content\/uploads\/2020\/06\/LinkdIn.png\" alt=\"Youtube\" width=\"60\" height=\"20\" \/><\/noscript><\/a><\/p>\n<\/div><\/section><\/p><\/div><div  class='flex_column av-av_two_third-93a81277e5006bb2348109df4de0b554 av_two_third  avia-builder-el-3  el_after_av_one_third  avia-builder-el-last  flex_column_div  '     ><p>\n<style type=\"text\/css\" data-created_by=\"avia_inline_auto\" id=\"style-css-av-av_heading-13fc9fd9a6bb8690424061b1cd0c66bb\">\n#top .av-special-heading.av-av_heading-13fc9fd9a6bb8690424061b1cd0c66bb{\npadding-bottom:10px;\n}\nbody .av-special-heading.av-av_heading-13fc9fd9a6bb8690424061b1cd0c66bb .av-special-heading-tag .heading-char{\nfont-size:25px;\n}\n.av-special-heading.av-av_heading-13fc9fd9a6bb8690424061b1cd0c66bb .av-subheading{\nfont-size:15px;\n}\n<\/style>\n<div  class='av-special-heading av-av_heading-13fc9fd9a6bb8690424061b1cd0c66bb av-special-heading-h3  avia-builder-el-4  el_before_av_contact  avia-builder-el-first '><h3 class='av-special-heading-tag '  itemprop=\"headline\"  >Para d\u00favidas, cr\u00edticas ou maiores informa\u00e7\u00f5es entre em contato conosco!<\/h3><div class=\"special-heading-border\"><div class=\"special-heading-inner-border\"><\/div><\/div><\/div><br \/>\n<form action=\"https:\/\/homacdhe.com\/index.php\/entre-em-contato\/\" method=\"post\" data-fields-with-error=\"Found errors in the following field(s):\" class=\"avia_ajax_form av-form-labels-visible   avia-builder-el-5  el_after_av_heading  avia-builder-el-last   \" data-avia-form-id=\"1\" data-avia-redirect='' ><h3 class=''>Nos envie um email<\/h3><fieldset><p class='  first_form  form_element form_fullwidth' id='element_avia_1_1'><label for=\"avia_1_1\">Nome <abbr class=\"required\" title=\"required\">*<\/abbr><\/label> <input name=\"avia_1_1\" class=\"text_input is_empty\" type=\"text\" id=\"avia_1_1\" value=\"\" \/><\/p><p class='  first_form  form_element form_fullwidth' id='element_avia_2_1'><label for=\"avia_2_1\">E-Mail <abbr class=\"required\" title=\"required\">*<\/abbr><\/label> <input name=\"avia_2_1\" class=\"text_input is_email\" type=\"text\" id=\"avia_2_1\" value=\"\" \/><\/p><p class='  first_form  form_element form_fullwidth' id='element_avia_3_1'><label for=\"avia_3_1\">Assunto <abbr class=\"required\" title=\"required\">*<\/abbr><\/label> <input name=\"avia_3_1\" class=\"text_input is_empty\" type=\"text\" id=\"avia_3_1\" value=\"\" \/><\/p><p class='  first_form  form_element form_fullwidth' id='element_avia_4_1'><label for=\"avia_4_1\" class=\"textare_label hidden textare_label_avia_4_1\">Mensagem <abbr class=\"required\" title=\"required\">*<\/abbr><\/label><textarea  name=\"avia_4_1\" class=\"text_area is_empty\" cols=\"40\" rows=\"7\" id=\"avia_4_1\" ><\/textarea><\/p><p class=\"hidden\"><input type=\"text\" name=\"avia_5_1\" class=\"hidden \" id=\"avia_5_1\" value=\"\" \/><\/p><p class='   form_element form_fullwidth' id='element_avia_6_1'><span class='value_verifier_label'>2 + 0 = ?<\/span><input name=\"avia_6_1_verifier\" type=\"hidden\" id=\"avia_6_1_verifier\" value=\"444712275\"\/><label for=\"avia_6_1\">Please prove that you are human by solving the equation <abbr class=\"required\" title=\"required\">*<\/abbr><\/label><input name=\"avia_6_1\" class=\"text_input captcha\" type=\"text\" id=\"avia_6_1\" value=\"\"\/><\/p><p class=\"form_element \"><input type=\"hidden\" value=\"1\" name=\"avia_generated_form1\" \/><input type=\"submit\" value=\"Enviar\" class=\"button\"  data-sending-label=\"Sending\"\/><\/p><\/fieldset><\/form><div id=\"ajaxresponse_1\" class=\"ajaxresponse ajaxresponse_1 hidden\"><\/div><\/p><\/div><\/p>\n","protected":false},"excerpt":{"rendered":"","protected":false},"author":5,"featured_media":0,"parent":0,"menu_order":62,"comment_status":"open","ping_status":"closed","template":"","meta":{"footnotes":""},"class_list":["post-13","page","type-page","status-publish","hentry"],"_links":{"self":[{"href":"https:\/\/homacdhe.com\/index.php\/wp-json\/wp\/v2\/pages\/13","targetHints":{"allow":["GET"]}}],"collection":[{"href":"https:\/\/homacdhe.com\/index.php\/wp-json\/wp\/v2\/pages"}],"about":[{"href":"https:\/\/homacdhe.com\/index.php\/wp-json\/wp\/v2\/types\/page"}],"author":[{"embeddable":true,"href":"https:\/\/homacdhe.com\/index.php\/wp-json\/wp\/v2\/users\/5"}],"replies":[{"embeddable":true,"href":"https:\/\/homacdhe.com\/index.php\/wp-json\/wp\/v2\/comments?post=13"}],"version-history":[{"count":11,"href":"https:\/\/homacdhe.com\/index.php\/wp-json\/wp\/v2\/pages\/13\/revisions"}],"predecessor-version":[{"id":14498,"href":"https:\/\/homacdhe.com\/index.php\/wp-json\/wp\/v2\/pages\/13\/revisions\/14498"}],"wp:attachment":[{"href":"https:\/\/homacdhe.com\/index.php\/wp-json\/wp\/v2\/media?parent=13"}],"curies":[{"name":"wp","href":"https:\/\/api.w.org\/{rel}","templated":true}]}}