{"id":1110,"date":"2015-04-28T15:32:57","date_gmt":"2015-04-28T17:32:57","guid":{"rendered":"http:\/\/www.projetodheufjf.com.br\/?page_id=1110"},"modified":"2015-04-28T15:32:57","modified_gmt":"2015-04-28T17:32:57","slug":"certificados","status":"publish","type":"page","link":"https:\/\/homacdhe.com\/index.php\/ii-seminario\/certificados\/","title":{"rendered":"Certificados"},"content":{"rendered":"<p><!--:pt-->Abaixo voc\u00ea encontra os certificados referentes \u00e0 participa\u00e7\u00e3o do II Semin\u00e1rio Internacional de Direitos Humanos e Empresas.<\/p>\n<h2>Certificados de Apresenta\u00e7\u00e3o de Trabalhos<\/h2>\n<p><a href=\"https:\/\/drive.google.com\/folderview?id=0B2r0-Ufjdr_kM1ZsRE9PTkZjblU&amp;usp=sharing\" target=\"_blank\" rel=\"noopener\">Grupo de Trabalho I<\/a><\/p>\n<p><a href=\"https:\/\/drive.google.com\/folderview?id=0B2r0-Ufjdr_kTDlOaS1TMV9Fckk&amp;usp=sharing\" target=\"_blank\" rel=\"noopener\">Grupo de Trabalho II<\/a><\/p>\n<p><a href=\"https:\/\/drive.google.com\/folderview?id=0B2r0-Ufjdr_kX0tlTEF5a0pBYjA&amp;usp=sharing\" target=\"_blank\" rel=\"noopener\">Grupo de Trabalho III<\/a><\/p>\n<p><a href=\"https:\/\/drive.google.com\/folderview?id=0B2r0-Ufjdr_kUEtUS0NGbTA5cjg&amp;usp=sharing\" target=\"_blank\" rel=\"noopener\">Grupo de Trabalho IV<\/a><\/p>\n<p><a href=\"https:\/\/drive.google.com\/folderview?id=0B2r0-Ufjdr_kdTUxNThhdmp0YXc&amp;usp=sharing\" target=\"_blank\" rel=\"noopener\">Grupo de Trabalho V<\/a><\/p>\n<p><a href=\"https:\/\/drive.google.com\/folderview?id=0B2r0-Ufjdr_kNWlfRVBvZDV0Y0U&amp;usp=sharing\" target=\"_blank\" rel=\"noopener\">Grupo de Trabalho VI<\/a><\/p>\n<h2><\/h2>\n<h2>Certificados de Ouvintes<\/h2>\n<p><a href=\"https:\/\/drive.google.com\/folderview?id=0B2r0-Ufjdr_keVR2dHd5eHIwOTA&amp;usp=sharing\" target=\"_blank\" rel=\"noopener\">Ver Lista de Certificados<\/a><\/p>\n<h2><\/h2>\n<h2>Certificados Workshop<\/h2>\n<p><a href=\"https:\/\/drive.google.com\/folderview?id=0B2r0-Ufjdr_kUEJUQTE4a1F4Wjg&amp;usp=sharing\" target=\"_blank\" rel=\"noopener\">Ver Lista de Certificados<\/a><!--:--><\/p>\n","protected":false},"excerpt":{"rendered":"<p>Abaixo voc\u00ea encontra os certificados referentes \u00e0 participa\u00e7\u00e3o do II Semin\u00e1rio Internacional de Direitos Humanos e Empresas. Certificados de Apresenta\u00e7\u00e3o de Trabalhos Grupo de Trabalho I Grupo de Trabalho II Grupo de Trabalho III Grupo de Trabalho IV Grupo de Trabalho V Grupo de Trabalho VI Certificados de Ouvintes Ver Lista de Certificados Certificados Workshop [&hellip;]<\/p>\n","protected":false},"author":1,"featured_media":0,"parent":1107,"menu_order":55,"comment_status":"open","ping_status":"open","template":"","meta":{"footnotes":""},"class_list":["post-1110","page","type-page","status-publish","hentry"],"_links":{"self":[{"href":"https:\/\/homacdhe.com\/index.php\/wp-json\/wp\/v2\/pages\/1110","targetHints":{"allow":["GET"]}}],"collection":[{"href":"https:\/\/homacdhe.com\/index.php\/wp-json\/wp\/v2\/pages"}],"about":[{"href":"https:\/\/homacdhe.com\/index.php\/wp-json\/wp\/v2\/types\/page"}],"author":[{"embeddable":true,"href":"https:\/\/homacdhe.com\/index.php\/wp-json\/wp\/v2\/users\/1"}],"replies":[{"embeddable":true,"href":"https:\/\/homacdhe.com\/index.php\/wp-json\/wp\/v2\/comments?post=1110"}],"version-history":[{"count":0,"href":"https:\/\/homacdhe.com\/index.php\/wp-json\/wp\/v2\/pages\/1110\/revisions"}],"up":[{"embeddable":true,"href":"https:\/\/homacdhe.com\/index.php\/wp-json\/wp\/v2\/pages\/1107"}],"wp:attachment":[{"href":"https:\/\/homacdhe.com\/index.php\/wp-json\/wp\/v2\/media?parent=1110"}],"curies":[{"name":"wp","href":"https:\/\/api.w.org\/{rel}","templated":true}]}}