{"id":15133,"date":"2021-02-02T15:00:41","date_gmt":"2021-02-02T16:49:29","guid":{"rendered":"http:\/\/homacdhe.com\/?page_id=15133"},"modified":"2021-02-02T14:49:29","modified_gmt":"2021-02-02T16:49:29","slug":"directrices-de-la-columna-de-derechos-humanos-y-empresas","status":"publish","type":"page","link":"http:\/\/homacdhe.com\/index.php\/directrices-de-la-columna-de-derechos-humanos-y-empresas\/","title":{"rendered":"Directrices de la Columna de Derechos Humanos y Empresas"},"content":{"rendered":"<div  class='flex_column av-av_one_full-2a9015ff38129c418a3f2eafba3e9512 av_one_full  avia-builder-el-0  el_before_av_one_full  avia-builder-el-first  first flex_column_div  '     ><style type=\"text\/css\" data-created_by=\"avia_inline_auto\" id=\"style-css-av-av_heading-15d516da2ff44ac47b944309811f0ca0\">\n#top .av-special-heading.av-av_heading-15d516da2ff44ac47b944309811f0ca0{\npadding-bottom:10px;\n}\nbody .av-special-heading.av-av_heading-15d516da2ff44ac47b944309811f0ca0 .av-special-heading-tag .heading-char{\nfont-size:25px;\n}\n.av-special-heading.av-av_heading-15d516da2ff44ac47b944309811f0ca0 .av-subheading{\nfont-size:15px;\n}\n<\/style>\n<div  class='av-special-heading av-av_heading-15d516da2ff44ac47b944309811f0ca0 av-special-heading-h1 blockquote modern-quote modern-centered  avia-builder-el-1  avia-builder-el-no-sibling '><h1 class='av-special-heading-tag '  itemprop=\"headline\"  >Columna en Derechos Humanos y Empresas<\/h1><div class=\"special-heading-border\"><div class=\"special-heading-inner-border\"><\/div><\/div><\/div><\/div><div  class='flex_column av-av_one_full-2a9015ff38129c418a3f2eafba3e9512 av_one_full  avia-builder-el-2  el_after_av_one_full  el_before_av_section  avia-builder-el-last  first flex_column_div  column-top-margin'     ><section  class='av_textblock_section av-av_textblock-0366cc7376be6c9e82a3e9cc8987b64f '   itemscope=\"itemscope\" itemtype=\"https:\/\/schema.org\/CreativeWork\" ><div class='avia_textblock'  itemprop=\"text\" ><p style=\"text-align: justify;\"><span style=\"font-size: 17px;\"><strong>Homa, desde el inicio, propuso un espacio abierto para discusiones<\/strong>\u00a0sobre Derechos Humanos y Empresas, dialogando con diferentes actores de la Sociedad Civil, de las comunidades afectadas, de la Academia y del Poder P\u00fablico.\u00a0Nuestro sitio web institucional tuvo\u00a0<strong>9,617\u00a0visitas<\/strong>\u00a0en 2020, un n\u00famero impresionante, dado el nicho definido en el que operamos.<\/span><\/p>\n<p style=\"text-align: justify;\"><span style=\"font-size: 17px;\"><strong>Buscando amplificar la voz y propiciar la discusi\u00f3n entre estos actores, afectados y afectadas, investigadores y activistas en la tem\u00e1tica de Derechos Humanos y Empresas, abrimos el espacio de la columna en nuestro sitio web.<\/strong><\/span><\/p>\n<p style=\"text-align: justify;\"><span style=\"font-size: 17px;\">Invitamos a todas y todos a\u00a0<strong>enviar textos anal\u00edticos, ensayos (de opini\u00f3n) o informes que dialoguen con temas actuales dentro del \u00e1rea, desde una perspectiva del Sur Global, defendiendo a las comunidades afectadas y la primac\u00eda de los Derechos Humanos<\/strong>, con el fin de integrar la columna quincenal en nuestra p\u00e1gina web.<\/span><\/p>\n<p style=\"text-align: justify;\"><span style=\"font-size: 17px;\">Recordamos que, para las producciones acad\u00e9micas, como los art\u00edculos cient\u00edficos, contamos con\u00a0la revista cient\u00edfica\u00a0<strong>Homa Publica &#8211; Revista Internacional de\u00a0Derechos\u00a0Humanos y Empresas<\/strong>, que publica art\u00edculos sobre el tema y recibe env\u00edos en flujo continuo, durante todo el a\u00f1o.<\/span><\/p>\n<\/div><\/section><\/div><\/div><\/div><\/div><!-- close content main div --><\/div><\/div>\n<style type=\"text\/css\" data-created_by=\"avia_inline_auto\" id=\"style-css-av-av_section-367d82eaefde05bbe059e1c55ce17968\">\n.avia-section.av-av_section-367d82eaefde05bbe059e1c55ce17968{\nbackground-color:#582c83;\nbackground-image:unset;\n}\n<\/style>\n<div id='av_section_1'  class='avia-section av-av_section-367d82eaefde05bbe059e1c55ce17968 main_color avia-section-default avia-no-shadow  avia-builder-el-4  el_after_av_one_full  el_before_av_one_full  avia-bg-style-scroll container_wrap sidebar_right'  ><div class='container av-section-cont-open' ><div class='template-page content  av-content-small alpha units'><div class='post-entry post-entry-type-page post-entry-15133'><div class='entry-content-wrapper clearfix'>\n\n<style type=\"text\/css\" data-created_by=\"avia_inline_auto\" id=\"style-css-av-av_heading-5dda6ceed703251fc0df5518cdf185c1\">\n#top .av-special-heading.av-av_heading-5dda6ceed703251fc0df5518cdf185c1{\npadding-bottom:0;\ncolor:#ffffff;\n}\nbody .av-special-heading.av-av_heading-5dda6ceed703251fc0df5518cdf185c1 .av-special-heading-tag .heading-char{\nfont-size:25px;\n}\n.av-special-heading.av-av_heading-5dda6ceed703251fc0df5518cdf185c1 .special-heading-inner-border{\nborder-color:#ffffff;\n}\n.av-special-heading.av-av_heading-5dda6ceed703251fc0df5518cdf185c1 .av-subheading{\nfont-size:15px;\n}\n<\/style>\n<div  class='av-special-heading av-av_heading-5dda6ceed703251fc0df5518cdf185c1 av-special-heading-h2 custom-color-heading  avia-builder-el-5  avia-builder-el-no-sibling '><h2 class='av-special-heading-tag '  itemprop=\"headline\"  >Directrices para el env\u00edo de textos<\/h2><div class=\"special-heading-border\"><div class=\"special-heading-inner-border\"><\/div><\/div><\/div>\n<\/div><\/div><\/div><!-- close content main div --><\/div><\/div><div id='after_section_1'  class='main_color av_default_container_wrap container_wrap sidebar_right'  ><div class='container av-section-cont-open' ><div class='template-page content  av-content-small alpha units'><div class='post-entry post-entry-type-page post-entry-15133'><div class='entry-content-wrapper clearfix'><div  class='flex_column av-av_one_full-2a9015ff38129c418a3f2eafba3e9512 av_one_full  avia-builder-el-6  el_after_av_section  el_before_av_button_big  avia-builder-el-no-sibling  first flex_column_div  '     ><section  class='av_textblock_section av-av_textblock-0366cc7376be6c9e82a3e9cc8987b64f '   itemscope=\"itemscope\" itemtype=\"https:\/\/schema.org\/CreativeWork\" ><div class='avia_textblock'  itemprop=\"text\" ><ol>\n<li><span style=\"font-size: 17px;\">Los textos deben enviarse\u00a0en un archivo Word (. Doc\u00a0\/.\u00a0Docx)\u00a0por el correo\u00a0electr\u00f3nico projeto.homa@ufjf.edu.br, la publicaci\u00f3n est\u00e1 sujeta a la aprobaci\u00f3n\u00a0de la Coordinaci\u00f3n de Comunicaci\u00f3n y, si hay sugerencias de cambios, al cumplimiento de las recomendaciones contenidas en la decisi\u00f3n editorial;<\/span><\/li>\n<li><span style=\"font-size: 17px;\">El documento\u00a0tambi\u00e9n debe contener el\u00a0t\u00edtulo\u00a0del texto, nombre completo de la\/el\u00a0autora\/r (o autoras\/es) y calificaciones breves (incluyendo actividades profesionales, t\u00edtulos\u00a0acad\u00e9micos, instituciones\u00a0a las que pertenece);<\/span><\/li>\n<li><span style=\"font-size: 17px;\">El texto no debe exceder de 5\u00a0p\u00e1ginas\u00a0(salvo casos autorizados por la Coordinaci\u00f3n de Comunicaci\u00f3n), se debe utilizar\u00a0fuente Arial,\u00a0tama\u00f1o 12, interlineado\u00a01,5;\u00a0m\u00e1rgenes superior e izquierdo 3,0 cm e inferior y derecho\u00a02,0 cm, hoja tama\u00f1o A4;<\/span><\/li>\n<li><span style=\"font-size: 17px;\">Se evaluar\u00e1 lo siguiente:\u00a0originalidad, actualidad y pertinencia en el tema de Derechos Humanos y Empresas, la consistencia y rigor del\u00a0enfoque, as\u00ed como la\u00a0<strong>adherencia a nuestros objetivos institucionales y nuestros lineamientos de investigaci\u00f3n<\/strong>;<\/span><\/li>\n<li><span style=\"font-size: 17px;\">Los textos se pueden enviar en\u00a0<strong>portugu\u00e9s, ingl\u00e9s o espa\u00f1ol<\/strong>.\u00a0De ser relevante, Homa se reserva el derecho de traducir\u00a0las\u00a0publicaciones a otros idiomas para aumentar su alcance;\u00a0\u00a0<\/span><\/li>\n<li><span style=\"font-size: 17px;\"><strong>El contenido publicado\u00a0en la columna\u00a0es responsabilidad exclusiva del\u00a0autor<\/strong>;<\/span><\/li>\n<li><span style=\"font-size: 17px;\">Las publicaciones pueden contener m\u00e1s de 1 autora\/r, siempre que todos hayan contribuido a su producci\u00f3n;<\/span><\/li>\n<li><span style=\"font-size: 17px;\">Homa se reserva el derecho de\u00a0rechazar\u00a0textos que entren en conflicto con\u00a0sus\u00a0objetivos institucionales y lineamientos de investigaci\u00f3n, sin la obligaci\u00f3n de fundamentar la denegaci\u00f3n, o si\u00a0no se respetan las otras condiciones enumeradas en esta convocatoria;<\/span><\/li>\n<\/ol>\n<\/div><\/section><\/div><div  class='avia-button-wrap avia-button-center  avia-builder-el-8  el_after_av_one_full  avia-builder-el-last '>\n<style type=\"text\/css\" data-created_by=\"avia_inline_auto\" id=\"style-css-av-av_button_big-8b18db25e64144f653ce9f08de40ad0f\">\n#top #wrap_all .avia-button.av-av_button_big-8b18db25e64144f653ce9f08de40ad0f{\nbackground-color:#00798c;\nborder-color:#00798c;\ncolor:#ffffff;\ntransition:all 0.4s ease-in-out;\n}\n#top #wrap_all .avia-button.av-av_button_big-8b18db25e64144f653ce9f08de40ad0f:hover{\ncolor:#ffffff;\ntransition:all 0.4s ease-in-out;\n}\n#top #wrap_all .avia-button.av-av_button_big-8b18db25e64144f653ce9f08de40ad0f .avia-svg-icon svg:first-child{\nfill:#ffffff;\nstroke:#ffffff;\n}\n#top #wrap_all .avia-button.av-av_button_big-8b18db25e64144f653ce9f08de40ad0f:hover .avia-svg-icon svg:first-child{\nfill:#ffffff;\nstroke:#ffffff;\n}\n<\/style>\n<a href='http:\/\/homacdhe.com\/columna\/' class='avia-button avia-button-fullwidth av-av_button_big-8b18db25e64144f653ce9f08de40ad0f avia-icon_select-no avia-color-custom'   aria-label=\"Leer la Columna\"><span class='avia_iconbox_title' >Leer la Columna<\/span><span class='avia_button_background avia-button avia-button-fullwidth avia-color-theme-color'><\/span><\/a><\/div><\/p>\n","protected":false},"excerpt":{"rendered":"","protected":false},"author":4,"featured_media":0,"parent":0,"menu_order":23,"comment_status":"closed","ping_status":"closed","template":"","meta":{"footnotes":""},"class_list":["post-15133","page","type-page","status-publish","hentry"],"_links":{"self":[{"href":"http:\/\/homacdhe.com\/index.php\/wp-json\/wp\/v2\/pages\/15133","targetHints":{"allow":["GET"]}}],"collection":[{"href":"http:\/\/homacdhe.com\/index.php\/wp-json\/wp\/v2\/pages"}],"about":[{"href":"http:\/\/homacdhe.com\/index.php\/wp-json\/wp\/v2\/types\/page"}],"author":[{"embeddable":true,"href":"http:\/\/homacdhe.com\/index.php\/wp-json\/wp\/v2\/users\/4"}],"replies":[{"embeddable":true,"href":"http:\/\/homacdhe.com\/index.php\/wp-json\/wp\/v2\/comments?post=15133"}],"version-history":[{"count":1,"href":"http:\/\/homacdhe.com\/index.php\/wp-json\/wp\/v2\/pages\/15133\/revisions"}],"predecessor-version":[{"id":15135,"href":"http:\/\/homacdhe.com\/index.php\/wp-json\/wp\/v2\/pages\/15133\/revisions\/15135"}],"wp:attachment":[{"href":"http:\/\/homacdhe.com\/index.php\/wp-json\/wp\/v2\/media?parent=15133"}],"curies":[{"name":"wp","href":"https:\/\/api.w.org\/{rel}","templated":true}]}}